{"id":18151,"date":"2019-04-01T23:09:42","date_gmt":"2019-04-01T23:09:42","guid":{"rendered":"http:\/\/caridad-old.demo.vamtam.com\/?page_id=18151"},"modified":"2024-12-01T18:06:31","modified_gmt":"2024-12-01T17:06:31","slug":"hebergement-et-lieux-de-vie","status":"publish","type":"page","link":"https:\/\/rapports.citeradieuse.ch\/2023\/hebergement-et-lieux-de-vie\/","title":{"rendered":"H\u00e9bergement et lieux de vie"},"content":{"rendered":"\t\t<div data-elementor-type=\"wp-page\" data-elementor-id=\"18151\" class=\"elementor elementor-18151\" data-elementor-post-type=\"page\">\n\t\t\t\t\t\t<section class=\"elementor-section elementor-top-section elementor-element elementor-element-d48e151 elementor-section-full_width elementor-section-height-min-height animated-fast elementor-section-height-default elementor-section-items-middle elementor-invisible\" data-id=\"d48e151\" data-element_type=\"section\" data-settings=\"{&quot;background_background&quot;:&quot;classic&quot;,&quot;animation&quot;:&quot;fadeIn&quot;}\">\n\t\t\t\t\t\t\t<div class=\"elementor-background-overlay\"><\/div>\n\t\t\t\t\t\t\t<div class=\"elementor-container elementor-column-gap-no\">\n\t\t\t\t\t<div class=\"elementor-column elementor-col-100 elementor-top-column elementor-element elementor-element-15e843b\" data-id=\"15e843b\" data-element_type=\"column\">\n\t\t\t<div class=\"elementor-widget-wrap\">\n\t\t\t\t\t\t\t<\/div>\n\t\t<\/div>\n\t\t\t\t\t<\/div>\n\t\t<\/section>\n\t\t\t\t<section class=\"elementor-section elementor-top-section elementor-element elementor-element-4b28a91 elementor-section-boxed elementor-section-height-default elementor-section-height-default\" data-id=\"4b28a91\" data-element_type=\"section\">\n\t\t\t\t\t\t<div class=\"elementor-container elementor-column-gap-no\">\n\t\t\t\t\t<div class=\"elementor-column elementor-col-50 elementor-top-column elementor-element elementor-element-eb8604e\" data-id=\"eb8604e\" data-element_type=\"column\" data-settings=\"{&quot;motion_fx_motion_fx_scrolling&quot;:&quot;yes&quot;,&quot;motion_fx_translateY_effect&quot;:&quot;yes&quot;,&quot;motion_fx_translateY_speed&quot;:{&quot;unit&quot;:&quot;px&quot;,&quot;size&quot;:1,&quot;sizes&quot;:[]},&quot;motion_fx_devices&quot;:[&quot;desktop&quot;],&quot;motion_fx_translateY_affectedRange&quot;:{&quot;unit&quot;:&quot;%&quot;,&quot;size&quot;:&quot;&quot;,&quot;sizes&quot;:{&quot;start&quot;:0,&quot;end&quot;:100}}}\">\n\t\t\t<div class=\"elementor-widget-wrap elementor-element-populated\">\n\t\t\t\t\t\t<div class=\"elementor-element elementor-element-001ef14 elementor-widget elementor-widget-heading\" data-id=\"001ef14\" data-element_type=\"widget\" data-widget_type=\"heading.default\">\n\t\t\t\t<div class=\"elementor-widget-container\">\n\t\t\t<h4 class=\"elementor-heading-title elementor-size-default\">Nos prestations<\/h4>\t\t<\/div>\n\t\t\t\t<\/div>\n\t\t\t\t<div class=\"elementor-element elementor-element-c5700c2 elementor-widget__width-auto elementor-widget-tablet__width-auto elementor-widget-mobile__width-inherit vamtam-align-left elementor-widget elementor-widget-heading\" data-id=\"c5700c2\" data-element_type=\"widget\" data-widget_type=\"heading.heading_caridad\">\n\t\t\t\t<div class=\"elementor-widget-container\">\n\t\t\t<h1 class='vamtam-heading-wrapper'><div class=\"elementor-heading-title\">H\u00e9bergement<\/div><div class=\"elementor-heading-title\">et lieux de vie<\/div><\/h1>\t\t<\/div>\n\t\t\t\t<\/div>\n\t\t\t\t\t<\/div>\n\t\t<\/div>\n\t\t\t\t<div class=\"elementor-column elementor-col-50 elementor-top-column elementor-element elementor-element-7978d58 elementor-hidden-desktop elementor-hidden-tablet elementor-hidden-phone\" data-id=\"7978d58\" data-element_type=\"column\">\n\t\t\t<div class=\"elementor-widget-wrap\">\n\t\t\t\t\t\t\t<\/div>\n\t\t<\/div>\n\t\t\t\t\t<\/div>\n\t\t<\/section>\n\t\t\t\t<section class=\"elementor-section elementor-top-section elementor-element elementor-element-56c8959 elementor-reverse-mobile elementor-section-boxed elementor-section-height-default elementor-section-height-default\" data-id=\"56c8959\" data-element_type=\"section\">\n\t\t\t\t\t\t<div class=\"elementor-container elementor-column-gap-no\">\n\t\t\t\t\t<div class=\"elementor-column elementor-col-66 elementor-top-column elementor-element elementor-element-fde8f54\" data-id=\"fde8f54\" data-element_type=\"column\">\n\t\t\t<div class=\"elementor-widget-wrap elementor-element-populated\">\n\t\t\t\t\t\t<div class=\"elementor-element elementor-element-5034c5f elementor-widget__width-initial elementor-widget-mobile__width-initial elementor-widget-tablet__width-initial elementor-widget elementor-widget-text-editor\" data-id=\"5034c5f\" data-element_type=\"widget\" data-widget_type=\"text-editor.default\">\n\t\t\t\t<div class=\"elementor-widget-container\">\n\t\t\t\t\t\t\t<p><b>L&rsquo;ann\u00e9e 2023 a \u00e9t\u00e9 marqu\u00e9e par de nombreux d\u00e9fis pour l&rsquo;\u00e9quipe de la Cit\u00e9 Radieuse, notamment une situation complexe n\u00e9cessitant un accompagnement intensif pour un r\u00e9sident. Ce cas a mis en lumi\u00e8re la capacit\u00e9 de l&rsquo;\u00e9quipe \u00e0 s&rsquo;adapter et \u00e0 collaborer malgr\u00e9 des ressources limit\u00e9es.<\/b><!-- notionvc: 4fe35a9f-b6bb-4948-b7fd-e63795c55afd --><\/p>\t\t\t\t\t\t<\/div>\n\t\t\t\t<\/div>\n\t\t\t\t\t<\/div>\n\t\t<\/div>\n\t\t\t\t<div class=\"elementor-column elementor-col-33 elementor-top-column elementor-element elementor-element-b42a355\" data-id=\"b42a355\" data-element_type=\"column\">\n\t\t\t<div class=\"elementor-widget-wrap elementor-element-populated\">\n\t\t\t\t\t\t<div class=\"elementor-element elementor-element-734b5fd elementor-widget elementor-widget-heading\" data-id=\"734b5fd\" data-element_type=\"widget\" data-widget_type=\"heading.default\">\n\t\t\t\t<div class=\"elementor-widget-container\">\n\t\t\t<h2 class=\"elementor-heading-title elementor-size-default\">2023, ann\u00e9e de r\u00e9silience<\/h2>\t\t<\/div>\n\t\t\t\t<\/div>\n\t\t\t\t\t<\/div>\n\t\t<\/div>\n\t\t\t\t\t<\/div>\n\t\t<\/section>\n\t\t\t\t<section class=\"elementor-section elementor-top-section elementor-element elementor-element-7c460ae elementor-section-boxed elementor-section-height-default elementor-section-height-default\" data-id=\"7c460ae\" data-element_type=\"section\">\n\t\t\t\t\t\t<div class=\"elementor-container elementor-column-gap-no\">\n\t\t\t\t\t<div class=\"elementor-column elementor-col-33 elementor-top-column elementor-element elementor-element-a901d75\" data-id=\"a901d75\" data-element_type=\"column\">\n\t\t\t<div class=\"elementor-widget-wrap elementor-element-populated\">\n\t\t\t\t\t\t<div class=\"elementor-element elementor-element-0ecf45b elementor-widget elementor-widget-image\" data-id=\"0ecf45b\" data-element_type=\"widget\" data-settings=\"{&quot;motion_fx_motion_fx_scrolling&quot;:&quot;yes&quot;,&quot;motion_fx_translateY_effect&quot;:&quot;yes&quot;,&quot;motion_fx_translateY_speed&quot;:{&quot;unit&quot;:&quot;px&quot;,&quot;size&quot;:0.5,&quot;sizes&quot;:[]},&quot;motion_fx_devices&quot;:[&quot;desktop&quot;],&quot;motion_fx_translateY_affectedRange&quot;:{&quot;unit&quot;:&quot;%&quot;,&quot;size&quot;:&quot;&quot;,&quot;sizes&quot;:{&quot;start&quot;:0,&quot;end&quot;:100}}}\" data-widget_type=\"image.default\">\n\t\t\t\t<div class=\"elementor-widget-container\">\n\t\t\t\t\t\t\t<div class=\"elementor-image\">\n\t\t\t\t\t\t\t\t\t\t\t\t\t\t\t\t\t\t\t\t\t<img fetchpriority=\"high\" decoding=\"async\" width=\"2500\" height=\"1667\" src=\"https:\/\/rapports.citeradieuse.ch\/2023\/wp-content\/uploads\/sites\/3\/2024\/07\/CR-RaphaelDupertuis-RD7_4099.jpg\" class=\"attachment-full size-full wp-image-987798\" alt=\"\" srcset=\"https:\/\/rapports.citeradieuse.ch\/2023\/wp-content\/uploads\/sites\/3\/2024\/07\/CR-RaphaelDupertuis-RD7_4099.jpg 2500w, https:\/\/rapports.citeradieuse.ch\/2023\/wp-content\/uploads\/sites\/3\/2024\/07\/CR-RaphaelDupertuis-RD7_4099-300x200.jpg 300w, https:\/\/rapports.citeradieuse.ch\/2023\/wp-content\/uploads\/sites\/3\/2024\/07\/CR-RaphaelDupertuis-RD7_4099-1024x683.jpg 1024w, https:\/\/rapports.citeradieuse.ch\/2023\/wp-content\/uploads\/sites\/3\/2024\/07\/CR-RaphaelDupertuis-RD7_4099-768x512.jpg 768w, https:\/\/rapports.citeradieuse.ch\/2023\/wp-content\/uploads\/sites\/3\/2024\/07\/CR-RaphaelDupertuis-RD7_4099-1536x1024.jpg 1536w, https:\/\/rapports.citeradieuse.ch\/2023\/wp-content\/uploads\/sites\/3\/2024\/07\/CR-RaphaelDupertuis-RD7_4099-2048x1366.jpg 2048w\" sizes=\"(max-width: 2500px) 100vw, 2500px\" \/>\t\t\t\t\t\t\t\t\t\t\t\t\t\t\t\t\t\t\t\t\t\t\t\t<\/div>\n\t\t\t\t\t\t<\/div>\n\t\t\t\t<\/div>\n\t\t\t\t\t<\/div>\n\t\t<\/div>\n\t\t\t\t<div class=\"elementor-column elementor-col-33 elementor-top-column elementor-element elementor-element-50a4c7e\" data-id=\"50a4c7e\" data-element_type=\"column\">\n\t\t\t<div class=\"elementor-widget-wrap elementor-element-populated\">\n\t\t\t\t\t\t<div class=\"elementor-element elementor-element-ab6d9fe elementor-widget elementor-widget-image\" data-id=\"ab6d9fe\" data-element_type=\"widget\" data-settings=\"{&quot;motion_fx_motion_fx_scrolling&quot;:&quot;yes&quot;,&quot;motion_fx_translateY_effect&quot;:&quot;yes&quot;,&quot;motion_fx_translateY_speed&quot;:{&quot;unit&quot;:&quot;px&quot;,&quot;size&quot;:1,&quot;sizes&quot;:[]},&quot;motion_fx_devices&quot;:[&quot;desktop&quot;],&quot;motion_fx_translateY_affectedRange&quot;:{&quot;unit&quot;:&quot;%&quot;,&quot;size&quot;:&quot;&quot;,&quot;sizes&quot;:{&quot;start&quot;:0,&quot;end&quot;:100}}}\" data-widget_type=\"image.default\">\n\t\t\t\t<div class=\"elementor-widget-container\">\n\t\t\t\t\t\t\t<div class=\"elementor-image\">\n\t\t\t\t\t\t\t\t\t\t\t\t\t\t\t\t\t\t\t\t\t<img decoding=\"async\" width=\"1667\" height=\"2500\" src=\"https:\/\/rapports.citeradieuse.ch\/2023\/wp-content\/uploads\/sites\/3\/2024\/07\/CR-RaphaelDupertuis-RD7_8374.jpg\" class=\"attachment-full size-full wp-image-987801\" alt=\"\" srcset=\"https:\/\/rapports.citeradieuse.ch\/2023\/wp-content\/uploads\/sites\/3\/2024\/07\/CR-RaphaelDupertuis-RD7_8374.jpg 1667w, https:\/\/rapports.citeradieuse.ch\/2023\/wp-content\/uploads\/sites\/3\/2024\/07\/CR-RaphaelDupertuis-RD7_8374-200x300.jpg 200w, https:\/\/rapports.citeradieuse.ch\/2023\/wp-content\/uploads\/sites\/3\/2024\/07\/CR-RaphaelDupertuis-RD7_8374-683x1024.jpg 683w, https:\/\/rapports.citeradieuse.ch\/2023\/wp-content\/uploads\/sites\/3\/2024\/07\/CR-RaphaelDupertuis-RD7_8374-768x1152.jpg 768w, https:\/\/rapports.citeradieuse.ch\/2023\/wp-content\/uploads\/sites\/3\/2024\/07\/CR-RaphaelDupertuis-RD7_8374-1024x1536.jpg 1024w, https:\/\/rapports.citeradieuse.ch\/2023\/wp-content\/uploads\/sites\/3\/2024\/07\/CR-RaphaelDupertuis-RD7_8374-1366x2048.jpg 1366w\" sizes=\"(max-width: 1667px) 100vw, 1667px\" \/>\t\t\t\t\t\t\t\t\t\t\t\t\t\t\t\t\t\t\t\t\t\t\t\t<\/div>\n\t\t\t\t\t\t<\/div>\n\t\t\t\t<\/div>\n\t\t\t\t\t<\/div>\n\t\t<\/div>\n\t\t\t\t<div class=\"elementor-column elementor-col-33 elementor-top-column elementor-element elementor-element-8e2c90e elementor-hidden-phone\" data-id=\"8e2c90e\" data-element_type=\"column\">\n\t\t\t<div class=\"elementor-widget-wrap elementor-element-populated\">\n\t\t\t\t\t\t<div class=\"elementor-element elementor-element-6b77e89 elementor-widget elementor-widget-image\" data-id=\"6b77e89\" data-element_type=\"widget\" data-widget_type=\"image.default\">\n\t\t\t\t<div class=\"elementor-widget-container\">\n\t\t\t\t\t\t\t<div class=\"elementor-image\">\n\t\t\t\t\t\t\t\t\t\t\t\t\t\t\t\t\t\t\t\t\t<img decoding=\"async\" width=\"1667\" height=\"2500\" src=\"https:\/\/rapports.citeradieuse.ch\/2023\/wp-content\/uploads\/sites\/3\/2024\/07\/CR-RaphaelDupertuis-RD7_8517.jpg\" class=\"attachment-full size-full wp-image-987807\" alt=\"\" srcset=\"https:\/\/rapports.citeradieuse.ch\/2023\/wp-content\/uploads\/sites\/3\/2024\/07\/CR-RaphaelDupertuis-RD7_8517.jpg 1667w, https:\/\/rapports.citeradieuse.ch\/2023\/wp-content\/uploads\/sites\/3\/2024\/07\/CR-RaphaelDupertuis-RD7_8517-200x300.jpg 200w, https:\/\/rapports.citeradieuse.ch\/2023\/wp-content\/uploads\/sites\/3\/2024\/07\/CR-RaphaelDupertuis-RD7_8517-683x1024.jpg 683w, https:\/\/rapports.citeradieuse.ch\/2023\/wp-content\/uploads\/sites\/3\/2024\/07\/CR-RaphaelDupertuis-RD7_8517-768x1152.jpg 768w, https:\/\/rapports.citeradieuse.ch\/2023\/wp-content\/uploads\/sites\/3\/2024\/07\/CR-RaphaelDupertuis-RD7_8517-1024x1536.jpg 1024w, https:\/\/rapports.citeradieuse.ch\/2023\/wp-content\/uploads\/sites\/3\/2024\/07\/CR-RaphaelDupertuis-RD7_8517-1366x2048.jpg 1366w\" sizes=\"(max-width: 1667px) 100vw, 1667px\" \/>\t\t\t\t\t\t\t\t\t\t\t\t\t\t\t\t\t\t\t\t\t\t\t\t<\/div>\n\t\t\t\t\t\t<\/div>\n\t\t\t\t<\/div>\n\t\t\t\t\t<\/div>\n\t\t<\/div>\n\t\t\t\t\t<\/div>\n\t\t<\/section>\n\t\t\t\t<section class=\"elementor-section elementor-top-section elementor-element elementor-element-1576e8c elementor-reverse-mobile elementor-section-boxed elementor-section-height-default elementor-section-height-default\" data-id=\"1576e8c\" data-element_type=\"section\">\n\t\t\t\t\t\t<div class=\"elementor-container elementor-column-gap-no\">\n\t\t\t\t\t<div class=\"elementor-column elementor-col-33 elementor-top-column elementor-element elementor-element-15a2b4a\" data-id=\"15a2b4a\" data-element_type=\"column\">\n\t\t\t<div class=\"elementor-widget-wrap elementor-element-populated\">\n\t\t\t\t\t\t<div class=\"elementor-element elementor-element-3d76ca7 elementor-widget__width-initial elementor-widget elementor-widget-heading\" data-id=\"3d76ca7\" data-element_type=\"widget\" data-widget_type=\"heading.default\">\n\t\t\t\t<div class=\"elementor-widget-container\">\n\t\t\t<h2 class=\"elementor-heading-title elementor-size-default\">Accompagne-\nment 24\/7 : d\u00e9fi relev\u00e9<\/h2>\t\t<\/div>\n\t\t\t\t<\/div>\n\t\t\t\t\t<\/div>\n\t\t<\/div>\n\t\t\t\t<div class=\"elementor-column elementor-col-66 elementor-top-column elementor-element elementor-element-545fb88\" data-id=\"545fb88\" data-element_type=\"column\">\n\t\t\t<div class=\"elementor-widget-wrap elementor-element-populated\">\n\t\t\t\t\t\t<div class=\"elementor-element elementor-element-137ceea elementor-widget__width-initial elementor-widget-mobile__width-initial elementor-widget-tablet__width-initial elementor-widget elementor-widget-text-editor\" data-id=\"137ceea\" data-element_type=\"widget\" data-widget_type=\"text-editor.default\">\n\t\t\t\t<div class=\"elementor-widget-container\">\n\t\t\t\t\t\t\t<p>En d\u00e9but d&rsquo;ann\u00e9e, un r\u00e9sident a eu besoin d&rsquo;un accompagnement isol\u00e9 avec du personnel d\u00e9di\u00e9 24 heures sur 24. Ce dispositif a n\u00e9cessit\u00e9 l&rsquo;ouverture d&rsquo;une ancienne maison inhabit\u00e9e, mobilisant beaucoup de ressources humaines et mat\u00e9rielles. Gr\u00e2ce au travail acharn\u00e9 et \u00e0 la souplesse de toute l&rsquo;\u00e9quipe, cette situation a pu \u00eatre r\u00e9solue positivement en d\u00e9cembre, permettant au r\u00e9sident de r\u00e9int\u00e9grer un groupe. Toutefois, l&rsquo;absence de soutien fixe de l&rsquo;\u00c9tat, se limitant \u00e0 des missions temporaires de trois mois, complique l&rsquo;organisation et met en difficult\u00e9 les \u00e9quipes, soulignant le besoin de solutions plus stables et p\u00e9rennes.<br \/><!-- notionvc: 4fe35a9f-b6bb-4948-b7fd-e63795c55afd --><\/p>\t\t\t\t\t\t<\/div>\n\t\t\t\t<\/div>\n\t\t\t\t\t<\/div>\n\t\t<\/div>\n\t\t\t\t\t<\/div>\n\t\t<\/section>\n\t\t\t\t<section class=\"elementor-section elementor-top-section elementor-element elementor-element-d9df57c elementor-reverse-mobile elementor-section-boxed elementor-section-height-default elementor-section-height-default\" data-id=\"d9df57c\" data-element_type=\"section\">\n\t\t\t\t\t\t<div class=\"elementor-container elementor-column-gap-no\">\n\t\t\t\t\t<div class=\"elementor-column elementor-col-33 elementor-top-column elementor-element elementor-element-49b9549\" data-id=\"49b9549\" data-element_type=\"column\">\n\t\t\t<div class=\"elementor-widget-wrap elementor-element-populated\">\n\t\t\t\t\t\t<div class=\"elementor-element elementor-element-47db71a elementor-widget elementor-widget-heading\" data-id=\"47db71a\" data-element_type=\"widget\" data-widget_type=\"heading.default\">\n\t\t\t\t<div class=\"elementor-widget-container\">\n\t\t\t<h2 class=\"elementor-heading-title elementor-size-default\">R\u00e9novation de la Maison 11<\/h2>\t\t<\/div>\n\t\t\t\t<\/div>\n\t\t\t\t\t<\/div>\n\t\t<\/div>\n\t\t\t\t<div class=\"elementor-column elementor-col-66 elementor-top-column elementor-element elementor-element-0246721\" data-id=\"0246721\" data-element_type=\"column\">\n\t\t\t<div class=\"elementor-widget-wrap elementor-element-populated\">\n\t\t\t\t\t\t<div class=\"elementor-element elementor-element-9487dba elementor-widget__width-initial elementor-widget-mobile__width-initial elementor-widget-tablet__width-initial elementor-widget elementor-widget-text-editor\" data-id=\"9487dba\" data-element_type=\"widget\" data-widget_type=\"text-editor.default\">\n\t\t\t\t<div class=\"elementor-widget-container\">\n\t\t\t\t\t\t\t<p>Enfin, la Maison 11 a b\u00e9n\u00e9fici\u00e9 de <b>r\u00e9novations importantes<\/b>, avec deux chambres mises aux normes. Ces am\u00e9liorations sont essentielles pour offrir un environnement s\u00e9curis\u00e9 et adapt\u00e9 aux besoins sp\u00e9cifiques de nos r\u00e9sidents. C&rsquo;est un pas de plus vers l&rsquo;am\u00e9lioration continue de notre institution, visant toujours \u00e0 offrir les meilleures conditions de vie possibles.<br \/><!-- notionvc: 4fe35a9f-b6bb-4948-b7fd-e63795c55afd --><\/p>\t\t\t\t\t\t<\/div>\n\t\t\t\t<\/div>\n\t\t\t\t\t<\/div>\n\t\t<\/div>\n\t\t\t\t\t<\/div>\n\t\t<\/section>\n\t\t\t\t<section class=\"elementor-section elementor-top-section elementor-element elementor-element-1e5b80f elementor-reverse-mobile elementor-section-boxed elementor-section-height-default elementor-section-height-default\" data-id=\"1e5b80f\" data-element_type=\"section\">\n\t\t\t\t\t\t<div class=\"elementor-container elementor-column-gap-no\">\n\t\t\t\t\t<div class=\"elementor-column elementor-col-33 elementor-top-column elementor-element elementor-element-c815700\" data-id=\"c815700\" data-element_type=\"column\">\n\t\t\t<div class=\"elementor-widget-wrap elementor-element-populated\">\n\t\t\t\t\t\t<div class=\"elementor-element elementor-element-dc706e1 elementor-widget elementor-widget-heading\" data-id=\"dc706e1\" data-element_type=\"widget\" data-widget_type=\"heading.default\">\n\t\t\t\t<div class=\"elementor-widget-container\">\n\t\t\t<h2 class=\"elementor-heading-title elementor-size-default\">Anniversaires et jubil\u00e9s<\/h2>\t\t<\/div>\n\t\t\t\t<\/div>\n\t\t\t\t\t<\/div>\n\t\t<\/div>\n\t\t\t\t<div class=\"elementor-column elementor-col-66 elementor-top-column elementor-element elementor-element-338eea4\" data-id=\"338eea4\" data-element_type=\"column\">\n\t\t\t<div class=\"elementor-widget-wrap elementor-element-populated\">\n\t\t\t\t\t\t<div class=\"elementor-element elementor-element-4b440f4 elementor-widget__width-initial elementor-widget-mobile__width-initial elementor-widget-tablet__width-initial elementor-widget elementor-widget-text-editor\" data-id=\"4b440f4\" data-element_type=\"widget\" data-widget_type=\"text-editor.default\">\n\t\t\t\t<div class=\"elementor-widget-container\">\n\t\t\t\t\t\t\t<p><b>Le rapport d&rsquo;activit\u00e9s est aussi l&rsquo;occasion de c\u00e9l\u00e9brer la pr\u00e9sence des b\u00e9n\u00e9ficiaires qui ont c\u00e9l\u00e9br\u00e9 des \u00e9tapes importantes &#8211; voire un jubil\u00e9 &#8211; en 2023. Nous vous remercions sinc\u00e8rement pour votre confiance et votre bonne humeur au quotidien !<!-- notionvc: 4fe35a9f-b6bb-4948-b7fd-e63795c55afd --><\/b><\/p>\n<p><b>\u00c0 la Cit\u00e9 Radieuse depuis 20 ans:<br><\/b><span style=\"color: var( --e-global-color-vamtam_accent_6 ); letter-spacing: var( --e-global-typography-vamtam_primary_font-letter-spacing ); text-transform: var( --e-global-typography-vamtam_primary_font-text-transform );\">Pascal (maison&nbsp;<\/span><span style=\"color: var( --e-global-color-vamtam_accent_6 ); letter-spacing: var( --e-global-typography-vamtam_primary_font-letter-spacing ); text-transform: var( --e-global-typography-vamtam_primary_font-text-transform );\">9\/10)<br><\/span><span style=\"color: var( --e-global-color-vamtam_accent_6 ); letter-spacing: var( --e-global-typography-vamtam_primary_font-letter-spacing ); text-transform: var( --e-global-typography-vamtam_primary_font-text-transform );\">Sophie (accompagnement \u00e0 domicile)<\/span><span style=\"color: var( --e-global-color-vamtam_accent_6 ); letter-spacing: var( --e-global-typography-vamtam_primary_font-letter-spacing ); text-transform: var( --e-global-typography-vamtam_primary_font-text-transform );\"><br><\/span><span style=\"color: var( --e-global-color-vamtam_accent_6 ); letter-spacing: var( --e-global-typography-vamtam_primary_font-letter-spacing ); text-transform: var( --e-global-typography-vamtam_primary_font-text-transform );\">C\u00e9dric (maison&nbsp;<\/span><span style=\"color: var( --e-global-color-vamtam_accent_6 ); letter-spacing: var( --e-global-typography-vamtam_primary_font-letter-spacing ); text-transform: var( --e-global-typography-vamtam_primary_font-text-transform );\">15)<\/span><\/p>\n<p><span style=\"color: var( --e-global-color-vamtam_accent_6 ); letter-spacing: var( --e-global-typography-vamtam_primary_font-letter-spacing ); text-transform: var( --e-global-typography-vamtam_primary_font-text-transform );\"><b>25 ans:<br><\/b><\/span><span style=\"color: var( --e-global-color-vamtam_accent_6 ); letter-spacing: var( --e-global-typography-vamtam_primary_font-letter-spacing ); text-transform: var( --e-global-typography-vamtam_primary_font-text-transform );\">Geeti (<\/span><span style=\"color: var( --e-global-color-vamtam_accent_6 ); letter-spacing: var( --e-global-typography-vamtam_primary_font-letter-spacing ); text-transform: var( --e-global-typography-vamtam_primary_font-text-transform );\">Le C\u00e8dre Morges)<\/span><\/p>\n<p><span style=\"color: var( --e-global-color-vamtam_accent_6 ); letter-spacing: var( --e-global-typography-vamtam_primary_font-letter-spacing ); text-transform: var( --e-global-typography-vamtam_primary_font-text-transform );\"><b>30 ans:<br><\/b><\/span><span style=\"color: var( --e-global-color-vamtam_accent_6 ); letter-spacing: var( --e-global-typography-vamtam_primary_font-letter-spacing ); text-transform: var( --e-global-typography-vamtam_primary_font-text-transform );\">Christophe (accompagnement \u00e0 domicile)<\/span><span style=\"color: var( --e-global-color-vamtam_accent_6 ); letter-spacing: var( --e-global-typography-vamtam_primary_font-letter-spacing ); text-transform: var( --e-global-typography-vamtam_primary_font-text-transform );\"><br><\/span><span style=\"color: var( --e-global-color-vamtam_accent_6 ); letter-spacing: var( --e-global-typography-vamtam_primary_font-letter-spacing ); text-transform: var( --e-global-typography-vamtam_primary_font-text-transform );\">Tony (maison&nbsp;<\/span><span style=\"color: var( --e-global-color-vamtam_accent_6 ); letter-spacing: var( --e-global-typography-vamtam_primary_font-letter-spacing ); text-transform: var( --e-global-typography-vamtam_primary_font-text-transform );\">11)<\/span><\/p>\n<p><span style=\"color: var( --e-global-color-vamtam_accent_6 ); letter-spacing: var( --e-global-typography-vamtam_primary_font-letter-spacing ); text-transform: var( --e-global-typography-vamtam_primary_font-text-transform );\"><b>40 ans: <br><\/b><\/span><span style=\"color: var( --e-global-color-vamtam_accent_6 ); letter-spacing: var( --e-global-typography-vamtam_primary_font-letter-spacing ); text-transform: var( --e-global-typography-vamtam_primary_font-text-transform );\">Fran\u00e7ois (maison&nbsp;<\/span><span style=\"color: var( --e-global-color-vamtam_accent_6 ); letter-spacing: var( --e-global-typography-vamtam_primary_font-letter-spacing ); text-transform: var( --e-global-typography-vamtam_primary_font-text-transform );\">12)<br><\/span><span style=\"color: var( --e-global-color-vamtam_accent_6 ); letter-spacing: var( --e-global-typography-vamtam_primary_font-letter-spacing ); text-transform: var( --e-global-typography-vamtam_primary_font-text-transform );\">Sandra (maison&nbsp;<\/span><span style=\"color: var( --e-global-color-vamtam_accent_6 ); letter-spacing: var( --e-global-typography-vamtam_primary_font-letter-spacing ); text-transform: var( --e-global-typography-vamtam_primary_font-text-transform );\">16)<\/span><\/p>\n<p><span style=\"color: var( --e-global-color-vamtam_accent_6 ); letter-spacing: var( --e-global-typography-vamtam_primary_font-letter-spacing ); text-transform: var( --e-global-typography-vamtam_primary_font-text-transform );\"><b>50 ans:<br><\/b><\/span><span style=\"color: var( --e-global-color-vamtam_accent_6 ); letter-spacing: var( --e-global-typography-vamtam_primary_font-letter-spacing ); text-transform: var( --e-global-typography-vamtam_primary_font-text-transform );\">Muriel (accompagnement \u00e0 domicile)<\/span><\/p>\t\t\t\t\t\t<\/div>\n\t\t\t\t<\/div>\n\t\t\t\t\t<\/div>\n\t\t<\/div>\n\t\t\t\t\t<\/div>\n\t\t<\/section>\n\t\t\t\t<\/div>\n\t\t","protected":false},"excerpt":{"rendered":"<p>Nos prestations H\u00e9bergementet lieux de vie L&rsquo;ann\u00e9e 2023 a \u00e9t\u00e9 marqu\u00e9e par de nombreux d\u00e9fis pour l&rsquo;\u00e9quipe de la Cit\u00e9 Radieuse, notamment une situation complexe n\u00e9cessitant un accompagnement intensif pour un r\u00e9sident. Ce cas a mis en lumi\u00e8re la capacit\u00e9 de l&rsquo;\u00e9quipe \u00e0 s&rsquo;adapter et \u00e0 collaborer malgr\u00e9 des ressources limit\u00e9es. 2023, ann\u00e9e de r\u00e9silience&#8230;<\/p>\n","protected":false},"author":1,"featured_media":0,"parent":0,"menu_order":0,"comment_status":"closed","ping_status":"closed","template":"","meta":{"footnotes":""},"class_list":["post-18151","page","type-page","status-publish","hentry"],"_links":{"self":[{"href":"https:\/\/rapports.citeradieuse.ch\/2023\/wp-json\/wp\/v2\/pages\/18151","targetHints":{"allow":["GET"]}}],"collection":[{"href":"https:\/\/rapports.citeradieuse.ch\/2023\/wp-json\/wp\/v2\/pages"}],"about":[{"href":"https:\/\/rapports.citeradieuse.ch\/2023\/wp-json\/wp\/v2\/types\/page"}],"author":[{"embeddable":true,"href":"https:\/\/rapports.citeradieuse.ch\/2023\/wp-json\/wp\/v2\/users\/1"}],"replies":[{"embeddable":true,"href":"https:\/\/rapports.citeradieuse.ch\/2023\/wp-json\/wp\/v2\/comments?post=18151"}],"version-history":[{"count":29,"href":"https:\/\/rapports.citeradieuse.ch\/2023\/wp-json\/wp\/v2\/pages\/18151\/revisions"}],"predecessor-version":[{"id":988152,"href":"https:\/\/rapports.citeradieuse.ch\/2023\/wp-json\/wp\/v2\/pages\/18151\/revisions\/988152"}],"wp:attachment":[{"href":"https:\/\/rapports.citeradieuse.ch\/2023\/wp-json\/wp\/v2\/media?parent=18151"}],"curies":[{"name":"wp","href":"https:\/\/api.w.org\/{rel}","templated":true}]}}