{"id":987757,"date":"2024-07-22T10:10:35","date_gmt":"2024-07-22T08:10:35","guid":{"rendered":"https:\/\/rapports.citeradieuse.ch\/2023\/?page_id=987757"},"modified":"2024-11-22T11:16:11","modified_gmt":"2024-11-22T10:16:11","slug":"ateliers-a-vocation-socialisante","status":"publish","type":"page","link":"https:\/\/rapports.citeradieuse.ch\/2023\/ateliers-a-vocation-socialisante\/","title":{"rendered":"Ateliers \u00e0 vocation socialisante"},"content":{"rendered":"\t\t<div data-elementor-type=\"wp-page\" data-elementor-id=\"987757\" class=\"elementor elementor-987757\" data-elementor-post-type=\"page\">\n\t\t\t\t\t\t<section class=\"elementor-section elementor-top-section elementor-element elementor-element-d48e151 elementor-section-full_width elementor-section-height-min-height animated-fast elementor-section-height-default elementor-section-items-middle elementor-invisible\" data-id=\"d48e151\" data-element_type=\"section\" data-settings=\"{&quot;background_background&quot;:&quot;classic&quot;,&quot;animation&quot;:&quot;fadeIn&quot;}\">\n\t\t\t\t\t\t\t<div class=\"elementor-background-overlay\"><\/div>\n\t\t\t\t\t\t\t<div class=\"elementor-container elementor-column-gap-no\">\n\t\t\t\t\t<div class=\"elementor-column elementor-col-100 elementor-top-column elementor-element elementor-element-15e843b\" data-id=\"15e843b\" data-element_type=\"column\">\n\t\t\t<div class=\"elementor-widget-wrap\">\n\t\t\t\t\t\t\t<\/div>\n\t\t<\/div>\n\t\t\t\t\t<\/div>\n\t\t<\/section>\n\t\t\t\t<section class=\"elementor-section elementor-top-section elementor-element elementor-element-4b28a91 elementor-section-boxed elementor-section-height-default elementor-section-height-default\" data-id=\"4b28a91\" data-element_type=\"section\">\n\t\t\t\t\t\t<div class=\"elementor-container elementor-column-gap-no\">\n\t\t\t\t\t<div class=\"elementor-column elementor-col-50 elementor-top-column elementor-element elementor-element-eb8604e\" data-id=\"eb8604e\" data-element_type=\"column\" data-settings=\"{&quot;motion_fx_motion_fx_scrolling&quot;:&quot;yes&quot;,&quot;motion_fx_translateY_effect&quot;:&quot;yes&quot;,&quot;motion_fx_translateY_speed&quot;:{&quot;unit&quot;:&quot;px&quot;,&quot;size&quot;:1,&quot;sizes&quot;:[]},&quot;motion_fx_devices&quot;:[&quot;desktop&quot;],&quot;motion_fx_translateY_affectedRange&quot;:{&quot;unit&quot;:&quot;%&quot;,&quot;size&quot;:&quot;&quot;,&quot;sizes&quot;:{&quot;start&quot;:0,&quot;end&quot;:100}}}\">\n\t\t\t<div class=\"elementor-widget-wrap elementor-element-populated\">\n\t\t\t\t\t\t<div class=\"elementor-element elementor-element-001ef14 elementor-widget elementor-widget-heading\" data-id=\"001ef14\" data-element_type=\"widget\" data-widget_type=\"heading.default\">\n\t\t\t\t<div class=\"elementor-widget-container\">\n\t\t\t<h4 class=\"elementor-heading-title elementor-size-default\">Nos prestations<\/h4>\t\t<\/div>\n\t\t\t\t<\/div>\n\t\t\t\t<div class=\"elementor-element elementor-element-c5700c2 elementor-widget__width-auto elementor-widget-tablet__width-auto elementor-widget-mobile__width-inherit vamtam-align-left elementor-widget elementor-widget-heading\" data-id=\"c5700c2\" data-element_type=\"widget\" data-widget_type=\"heading.heading_caridad\">\n\t\t\t\t<div class=\"elementor-widget-container\">\n\t\t\t<h1 class='vamtam-heading-wrapper'><div class=\"elementor-heading-title\">Ateliers \u00e0 vocation<\/div><div class=\"elementor-heading-title\">socialisante<\/div><\/h1>\t\t<\/div>\n\t\t\t\t<\/div>\n\t\t\t\t\t<\/div>\n\t\t<\/div>\n\t\t\t\t<div class=\"elementor-column elementor-col-50 elementor-top-column elementor-element elementor-element-7978d58 elementor-hidden-desktop elementor-hidden-tablet elementor-hidden-phone\" data-id=\"7978d58\" data-element_type=\"column\">\n\t\t\t<div class=\"elementor-widget-wrap\">\n\t\t\t\t\t\t\t<\/div>\n\t\t<\/div>\n\t\t\t\t\t<\/div>\n\t\t<\/section>\n\t\t\t\t<section class=\"elementor-section elementor-top-section elementor-element elementor-element-7c460ae elementor-section-boxed elementor-section-height-default elementor-section-height-default\" data-id=\"7c460ae\" data-element_type=\"section\">\n\t\t\t\t\t\t<div class=\"elementor-container elementor-column-gap-no\">\n\t\t\t\t\t<div class=\"elementor-column elementor-col-33 elementor-top-column elementor-element elementor-element-a901d75\" data-id=\"a901d75\" data-element_type=\"column\">\n\t\t\t<div class=\"elementor-widget-wrap elementor-element-populated\">\n\t\t\t\t\t\t<div class=\"elementor-element elementor-element-0ecf45b elementor-widget elementor-widget-image\" data-id=\"0ecf45b\" data-element_type=\"widget\" data-settings=\"{&quot;motion_fx_motion_fx_scrolling&quot;:&quot;yes&quot;,&quot;motion_fx_translateY_effect&quot;:&quot;yes&quot;,&quot;motion_fx_translateY_speed&quot;:{&quot;unit&quot;:&quot;px&quot;,&quot;size&quot;:0.5,&quot;sizes&quot;:[]},&quot;motion_fx_devices&quot;:[&quot;desktop&quot;],&quot;motion_fx_translateY_affectedRange&quot;:{&quot;unit&quot;:&quot;%&quot;,&quot;size&quot;:&quot;&quot;,&quot;sizes&quot;:{&quot;start&quot;:0,&quot;end&quot;:100}}}\" data-widget_type=\"image.default\">\n\t\t\t\t<div class=\"elementor-widget-container\">\n\t\t\t\t\t\t\t<div class=\"elementor-image\">\n\t\t\t\t\t\t\t\t\t\t\t\t\t\t\t\t\t\t\t\t\t<img fetchpriority=\"high\" decoding=\"async\" width=\"2500\" height=\"1667\" src=\"https:\/\/rapports.citeradieuse.ch\/2023\/wp-content\/uploads\/sites\/3\/2024\/07\/CR-RaphaelDupertuis-RD7_8290.jpg\" class=\"attachment-full size-full wp-image-987836\" alt=\"\" srcset=\"https:\/\/rapports.citeradieuse.ch\/2023\/wp-content\/uploads\/sites\/3\/2024\/07\/CR-RaphaelDupertuis-RD7_8290.jpg 2500w, https:\/\/rapports.citeradieuse.ch\/2023\/wp-content\/uploads\/sites\/3\/2024\/07\/CR-RaphaelDupertuis-RD7_8290-300x200.jpg 300w, https:\/\/rapports.citeradieuse.ch\/2023\/wp-content\/uploads\/sites\/3\/2024\/07\/CR-RaphaelDupertuis-RD7_8290-1024x683.jpg 1024w, https:\/\/rapports.citeradieuse.ch\/2023\/wp-content\/uploads\/sites\/3\/2024\/07\/CR-RaphaelDupertuis-RD7_8290-768x512.jpg 768w, https:\/\/rapports.citeradieuse.ch\/2023\/wp-content\/uploads\/sites\/3\/2024\/07\/CR-RaphaelDupertuis-RD7_8290-1536x1024.jpg 1536w, https:\/\/rapports.citeradieuse.ch\/2023\/wp-content\/uploads\/sites\/3\/2024\/07\/CR-RaphaelDupertuis-RD7_8290-2048x1366.jpg 2048w\" sizes=\"(max-width: 2500px) 100vw, 2500px\" \/>\t\t\t\t\t\t\t\t\t\t\t\t\t\t\t\t\t\t\t\t\t\t\t\t<\/div>\n\t\t\t\t\t\t<\/div>\n\t\t\t\t<\/div>\n\t\t\t\t\t<\/div>\n\t\t<\/div>\n\t\t\t\t<div class=\"elementor-column elementor-col-33 elementor-top-column elementor-element elementor-element-50a4c7e\" data-id=\"50a4c7e\" data-element_type=\"column\">\n\t\t\t<div class=\"elementor-widget-wrap elementor-element-populated\">\n\t\t\t\t\t\t<div class=\"elementor-element elementor-element-ab6d9fe elementor-widget elementor-widget-image\" data-id=\"ab6d9fe\" data-element_type=\"widget\" data-settings=\"{&quot;motion_fx_motion_fx_scrolling&quot;:&quot;yes&quot;,&quot;motion_fx_translateY_effect&quot;:&quot;yes&quot;,&quot;motion_fx_translateY_speed&quot;:{&quot;unit&quot;:&quot;px&quot;,&quot;size&quot;:1,&quot;sizes&quot;:[]},&quot;motion_fx_devices&quot;:[&quot;desktop&quot;],&quot;motion_fx_translateY_affectedRange&quot;:{&quot;unit&quot;:&quot;%&quot;,&quot;size&quot;:&quot;&quot;,&quot;sizes&quot;:{&quot;start&quot;:0,&quot;end&quot;:100}}}\" data-widget_type=\"image.default\">\n\t\t\t\t<div class=\"elementor-widget-container\">\n\t\t\t\t\t\t\t<div class=\"elementor-image\">\n\t\t\t\t\t\t\t\t\t\t\t\t\t\t\t\t\t\t\t\t\t<img decoding=\"async\" width=\"2500\" height=\"1667\" src=\"https:\/\/rapports.citeradieuse.ch\/2023\/wp-content\/uploads\/sites\/3\/2024\/07\/CR-RaphaelDupertuis-RD7_8269.jpg\" class=\"attachment-full size-full wp-image-987837\" alt=\"\" srcset=\"https:\/\/rapports.citeradieuse.ch\/2023\/wp-content\/uploads\/sites\/3\/2024\/07\/CR-RaphaelDupertuis-RD7_8269.jpg 2500w, https:\/\/rapports.citeradieuse.ch\/2023\/wp-content\/uploads\/sites\/3\/2024\/07\/CR-RaphaelDupertuis-RD7_8269-300x200.jpg 300w, https:\/\/rapports.citeradieuse.ch\/2023\/wp-content\/uploads\/sites\/3\/2024\/07\/CR-RaphaelDupertuis-RD7_8269-1024x683.jpg 1024w, https:\/\/rapports.citeradieuse.ch\/2023\/wp-content\/uploads\/sites\/3\/2024\/07\/CR-RaphaelDupertuis-RD7_8269-768x512.jpg 768w, https:\/\/rapports.citeradieuse.ch\/2023\/wp-content\/uploads\/sites\/3\/2024\/07\/CR-RaphaelDupertuis-RD7_8269-1536x1024.jpg 1536w, https:\/\/rapports.citeradieuse.ch\/2023\/wp-content\/uploads\/sites\/3\/2024\/07\/CR-RaphaelDupertuis-RD7_8269-2048x1366.jpg 2048w\" sizes=\"(max-width: 2500px) 100vw, 2500px\" \/>\t\t\t\t\t\t\t\t\t\t\t\t\t\t\t\t\t\t\t\t\t\t\t\t<\/div>\n\t\t\t\t\t\t<\/div>\n\t\t\t\t<\/div>\n\t\t\t\t\t<\/div>\n\t\t<\/div>\n\t\t\t\t<div class=\"elementor-column elementor-col-33 elementor-top-column elementor-element elementor-element-8e2c90e elementor-hidden-phone\" data-id=\"8e2c90e\" data-element_type=\"column\">\n\t\t\t<div class=\"elementor-widget-wrap elementor-element-populated\">\n\t\t\t\t\t\t<div class=\"elementor-element elementor-element-6b77e89 elementor-widget elementor-widget-image\" data-id=\"6b77e89\" data-element_type=\"widget\" data-widget_type=\"image.default\">\n\t\t\t\t<div class=\"elementor-widget-container\">\n\t\t\t\t\t\t\t<div class=\"elementor-image\">\n\t\t\t\t\t\t\t\t\t\t\t\t\t\t\t\t\t\t\t\t\t<img decoding=\"async\" width=\"2500\" height=\"1667\" src=\"https:\/\/rapports.citeradieuse.ch\/2023\/wp-content\/uploads\/sites\/3\/2024\/07\/CR-RaphaelDupertuis-RD7_8032.jpg\" class=\"attachment-full size-full wp-image-987846\" alt=\"\" srcset=\"https:\/\/rapports.citeradieuse.ch\/2023\/wp-content\/uploads\/sites\/3\/2024\/07\/CR-RaphaelDupertuis-RD7_8032.jpg 2500w, https:\/\/rapports.citeradieuse.ch\/2023\/wp-content\/uploads\/sites\/3\/2024\/07\/CR-RaphaelDupertuis-RD7_8032-300x200.jpg 300w, https:\/\/rapports.citeradieuse.ch\/2023\/wp-content\/uploads\/sites\/3\/2024\/07\/CR-RaphaelDupertuis-RD7_8032-1024x683.jpg 1024w, https:\/\/rapports.citeradieuse.ch\/2023\/wp-content\/uploads\/sites\/3\/2024\/07\/CR-RaphaelDupertuis-RD7_8032-768x512.jpg 768w, https:\/\/rapports.citeradieuse.ch\/2023\/wp-content\/uploads\/sites\/3\/2024\/07\/CR-RaphaelDupertuis-RD7_8032-1536x1024.jpg 1536w, https:\/\/rapports.citeradieuse.ch\/2023\/wp-content\/uploads\/sites\/3\/2024\/07\/CR-RaphaelDupertuis-RD7_8032-2048x1366.jpg 2048w\" sizes=\"(max-width: 2500px) 100vw, 2500px\" \/>\t\t\t\t\t\t\t\t\t\t\t\t\t\t\t\t\t\t\t\t\t\t\t\t<\/div>\n\t\t\t\t\t\t<\/div>\n\t\t\t\t<\/div>\n\t\t\t\t\t<\/div>\n\t\t<\/div>\n\t\t\t\t\t<\/div>\n\t\t<\/section>\n\t\t\t\t<section class=\"elementor-section elementor-top-section elementor-element elementor-element-1576e8c elementor-reverse-mobile elementor-section-boxed elementor-section-height-default elementor-section-height-default\" data-id=\"1576e8c\" data-element_type=\"section\">\n\t\t\t\t\t\t<div class=\"elementor-container elementor-column-gap-no\">\n\t\t\t\t\t<div class=\"elementor-column elementor-col-33 elementor-top-column elementor-element elementor-element-15a2b4a\" data-id=\"15a2b4a\" data-element_type=\"column\">\n\t\t\t<div class=\"elementor-widget-wrap elementor-element-populated\">\n\t\t\t\t\t\t<div class=\"elementor-element elementor-element-3d76ca7 elementor-widget__width-initial elementor-widget elementor-widget-heading\" data-id=\"3d76ca7\" data-element_type=\"widget\" data-widget_type=\"heading.default\">\n\t\t\t\t<div class=\"elementor-widget-container\">\n\t\t\t<h2 class=\"elementor-heading-title elementor-size-default\">Mai: march\u00e9 des ateliers<\/h2>\t\t<\/div>\n\t\t\t\t<\/div>\n\t\t\t\t\t<\/div>\n\t\t<\/div>\n\t\t\t\t<div class=\"elementor-column elementor-col-66 elementor-top-column elementor-element elementor-element-545fb88\" data-id=\"545fb88\" data-element_type=\"column\">\n\t\t\t<div class=\"elementor-widget-wrap elementor-element-populated\">\n\t\t\t\t\t\t<div class=\"elementor-element elementor-element-137ceea elementor-widget__width-initial elementor-widget-mobile__width-initial elementor-widget-tablet__width-initial elementor-widget elementor-widget-text-editor\" data-id=\"137ceea\" data-element_type=\"widget\" data-widget_type=\"text-editor.default\">\n\t\t\t\t<div class=\"elementor-widget-container\">\n\t\t\t\t\t\t\t<p>Le 15 mai a eu lieu le traditionnel march\u00e9 des ateliers. Une journ\u00e9e tr\u00e8s riche en \u00e9changes, notamment avec la pr\u00e9sence d&rsquo;un vigneron. Nous y avons rencontr\u00e9 beaucoup de nouvelles personnes et sommes heureux de constater que notre public s&rsquo;\u00e9largit.<br \/><!-- notionvc: 4fe35a9f-b6bb-4948-b7fd-e63795c55afd --><\/p>\t\t\t\t\t\t<\/div>\n\t\t\t\t<\/div>\n\t\t\t\t\t<\/div>\n\t\t<\/div>\n\t\t\t\t\t<\/div>\n\t\t<\/section>\n\t\t\t\t<section class=\"elementor-section elementor-top-section elementor-element elementor-element-ba71c39 elementor-reverse-mobile elementor-section-boxed elementor-section-height-default elementor-section-height-default\" data-id=\"ba71c39\" data-element_type=\"section\">\n\t\t\t\t\t\t<div class=\"elementor-container elementor-column-gap-no\">\n\t\t\t\t\t<div class=\"elementor-column elementor-col-33 elementor-top-column elementor-element elementor-element-fbb9da9\" data-id=\"fbb9da9\" data-element_type=\"column\">\n\t\t\t<div class=\"elementor-widget-wrap elementor-element-populated\">\n\t\t\t\t\t\t<div class=\"elementor-element elementor-element-476afe0 elementor-widget__width-initial elementor-widget elementor-widget-heading\" data-id=\"476afe0\" data-element_type=\"widget\" data-widget_type=\"heading.default\">\n\t\t\t\t<div class=\"elementor-widget-container\">\n\t\t\t<h2 class=\"elementor-heading-title elementor-size-default\">Septembre:\nLa pharmacie de la vie<\/h2>\t\t<\/div>\n\t\t\t\t<\/div>\n\t\t\t\t\t<\/div>\n\t\t<\/div>\n\t\t\t\t<div class=\"elementor-column elementor-col-66 elementor-top-column elementor-element elementor-element-6968944\" data-id=\"6968944\" data-element_type=\"column\">\n\t\t\t<div class=\"elementor-widget-wrap elementor-element-populated\">\n\t\t\t\t\t\t<div class=\"elementor-element elementor-element-6b589d1 elementor-widget__width-initial elementor-widget-mobile__width-initial elementor-widget-tablet__width-initial elementor-widget elementor-widget-text-editor\" data-id=\"6b589d1\" data-element_type=\"widget\" data-widget_type=\"text-editor.default\">\n\t\t\t\t<div class=\"elementor-widget-container\">\n\t\t\t\t\t\t\t<p>Nous avons eu le privil\u00e8ge d&rsquo;assister \u00e0 la derni\u00e8re repr\u00e9sentation de la troupe de th\u00e9\u00e2tre Les Radieuse Rainettes (+ film) qui nous a jou\u00e9 sa pi\u00e8ce \u00ab\u00a0La pharmacie de la vie\u00a0\u00bb.<\/p><p>Cet \u00e9v\u00e8nement a repr\u00e9sent\u00e9 un grand succ\u00e8s et a m\u00eame n\u00e9cessit\u00e9 l&rsquo;ajout de nombreux si\u00e8ges \u00e0 la derni\u00e8re minute !<\/p><p>Pour voir le film,\u00a0<a href=\"https:\/\/citeradieuse.ch\/la-pharmacie-de-la-vie-en-video\/\" target=\"_blank\" rel=\"noopener\">rendez-vous sur le site de la Cit\u00e9 Radieuse<\/a>\u00a0!<\/p>\t\t\t\t\t\t<\/div>\n\t\t\t\t<\/div>\n\t\t\t\t\t<\/div>\n\t\t<\/div>\n\t\t\t\t\t<\/div>\n\t\t<\/section>\n\t\t\t\t<section class=\"elementor-section elementor-top-section elementor-element elementor-element-b48df71 elementor-reverse-mobile elementor-section-boxed elementor-section-height-default elementor-section-height-default\" data-id=\"b48df71\" data-element_type=\"section\">\n\t\t\t\t\t\t<div class=\"elementor-container elementor-column-gap-no\">\n\t\t\t\t\t<div class=\"elementor-column elementor-col-33 elementor-top-column elementor-element elementor-element-a4a6dde\" data-id=\"a4a6dde\" data-element_type=\"column\">\n\t\t\t<div class=\"elementor-widget-wrap elementor-element-populated\">\n\t\t\t\t\t\t<div class=\"elementor-element elementor-element-45b02aa elementor-widget__width-initial elementor-widget elementor-widget-heading\" data-id=\"45b02aa\" data-element_type=\"widget\" data-widget_type=\"heading.default\">\n\t\t\t\t<div class=\"elementor-widget-container\">\n\t\t\t<h2 class=\"elementor-heading-title elementor-size-default\">Octobre:\nPasseport Vacances<\/h2>\t\t<\/div>\n\t\t\t\t<\/div>\n\t\t\t\t\t<\/div>\n\t\t<\/div>\n\t\t\t\t<div class=\"elementor-column elementor-col-66 elementor-top-column elementor-element elementor-element-f502142\" data-id=\"f502142\" data-element_type=\"column\">\n\t\t\t<div class=\"elementor-widget-wrap elementor-element-populated\">\n\t\t\t\t\t\t<div class=\"elementor-element elementor-element-a66d862 elementor-widget__width-initial elementor-widget-mobile__width-initial elementor-widget-tablet__width-initial elementor-widget elementor-widget-text-editor\" data-id=\"a66d862\" data-element_type=\"widget\" data-widget_type=\"text-editor.default\">\n\t\t\t\t<div class=\"elementor-widget-container\">\n\t\t\t\t\t\t\t<p>Sur 4 dates diff\u00e9rentes, nous avons accueilli les participants \u00e0 l&rsquo;atelier confection de bougies du Passeport Vacances r\u00e9gion Morges et Cossonay.<!-- notionvc: 4fe35a9f-b6bb-4948-b7fd-e63795c55afd --><\/p><p>La fabrication des bougies en cire d&rsquo;abeille plait toujours aux enfants et l&rsquo;activit\u00e9 a rencontr\u00e9 un franc succ\u00e8s.<\/p>\t\t\t\t\t\t<\/div>\n\t\t\t\t<\/div>\n\t\t\t\t\t<\/div>\n\t\t<\/div>\n\t\t\t\t\t<\/div>\n\t\t<\/section>\n\t\t\t\t<section class=\"elementor-section elementor-top-section elementor-element elementor-element-d9df57c elementor-reverse-mobile elementor-section-boxed elementor-section-height-default elementor-section-height-default\" data-id=\"d9df57c\" data-element_type=\"section\">\n\t\t\t\t\t\t<div class=\"elementor-container elementor-column-gap-no\">\n\t\t\t\t\t<div class=\"elementor-column elementor-col-33 elementor-top-column elementor-element elementor-element-49b9549\" data-id=\"49b9549\" data-element_type=\"column\">\n\t\t\t<div class=\"elementor-widget-wrap elementor-element-populated\">\n\t\t\t\t\t\t<div class=\"elementor-element elementor-element-47db71a elementor-widget elementor-widget-heading\" data-id=\"47db71a\" data-element_type=\"widget\" data-widget_type=\"heading.default\">\n\t\t\t\t<div class=\"elementor-widget-container\">\n\t\t\t<h2 class=\"elementor-heading-title elementor-size-default\">Novembre:\nNocturne des ateliers<\/h2>\t\t<\/div>\n\t\t\t\t<\/div>\n\t\t\t\t\t<\/div>\n\t\t<\/div>\n\t\t\t\t<div class=\"elementor-column elementor-col-66 elementor-top-column elementor-element elementor-element-0246721\" data-id=\"0246721\" data-element_type=\"column\">\n\t\t\t<div class=\"elementor-widget-wrap elementor-element-populated\">\n\t\t\t\t\t\t<div class=\"elementor-element elementor-element-9487dba elementor-widget__width-initial elementor-widget-mobile__width-initial elementor-widget-tablet__width-initial elementor-widget elementor-widget-text-editor\" data-id=\"9487dba\" data-element_type=\"widget\" data-widget_type=\"text-editor.default\">\n\t\t\t\t<div class=\"elementor-widget-container\">\n\t\t\t\t\t\t\t<p>Comme chaque ann\u00e9e au mois de novembre, les ateliers de la cit\u00e9 Radieuse ont accueilli le public pour leur nocturne hivernale. Au programme: vente des produits, confection des bougies pour les enfants, restauration et ambiance conviviale.<!-- notionvc: 4fe35a9f-b6bb-4948-b7fd-e63795c55afd --><\/p>\t\t\t\t\t\t<\/div>\n\t\t\t\t<\/div>\n\t\t\t\t\t<\/div>\n\t\t<\/div>\n\t\t\t\t\t<\/div>\n\t\t<\/section>\n\t\t\t\t<section class=\"elementor-section elementor-top-section elementor-element elementor-element-66a2938 elementor-reverse-mobile elementor-section-boxed elementor-section-height-default elementor-section-height-default\" data-id=\"66a2938\" data-element_type=\"section\">\n\t\t\t\t\t\t<div class=\"elementor-container elementor-column-gap-no\">\n\t\t\t\t\t<div class=\"elementor-column elementor-col-33 elementor-top-column elementor-element elementor-element-9f9a7b0\" data-id=\"9f9a7b0\" data-element_type=\"column\">\n\t\t\t<div class=\"elementor-widget-wrap elementor-element-populated\">\n\t\t\t\t\t\t<div class=\"elementor-element elementor-element-d8e0e44 elementor-widget__width-initial elementor-widget elementor-widget-heading\" data-id=\"d8e0e44\" data-element_type=\"widget\" data-widget_type=\"heading.default\">\n\t\t\t\t<div class=\"elementor-widget-container\">\n\t\t\t<h2 class=\"elementor-heading-title elementor-size-default\">D\u00e9cembre:\nMarch\u00e9 de No\u00ebl du CROEPI<\/h2>\t\t<\/div>\n\t\t\t\t<\/div>\n\t\t\t\t\t<\/div>\n\t\t<\/div>\n\t\t\t\t<div class=\"elementor-column elementor-col-66 elementor-top-column elementor-element elementor-element-643b724\" data-id=\"643b724\" data-element_type=\"column\">\n\t\t\t<div class=\"elementor-widget-wrap elementor-element-populated\">\n\t\t\t\t\t\t<div class=\"elementor-element elementor-element-e48284b elementor-widget__width-initial elementor-widget-mobile__width-initial elementor-widget-tablet__width-initial elementor-widget elementor-widget-text-editor\" data-id=\"e48284b\" data-element_type=\"widget\" data-widget_type=\"text-editor.default\">\n\t\t\t\t<div class=\"elementor-widget-container\">\n\t\t\t\t\t\t\t<p>Comme chaque ann\u00e9e, les ateliers de la Cit\u00e9 Radieuse ont eu le plaisir de tenir un stand au march\u00e9 de No\u00ebl du <a href=\"https:\/\/croepi.ch\" target=\"_blank\" rel=\"noopener\">CROEPI<\/a> (Comit\u00e9 Romand d&rsquo;Orientation et d&rsquo;Education Professionnelle des Invalides) \u00e0 la Place de la Palud \u00e0 Lausanne.<!-- notionvc: 4fe35a9f-b6bb-4948-b7fd-e63795c55afd --><\/p><p>Ce sympathique march\u00e9 de No\u00ebl repr\u00e9sente une excellente vitrine pour les institutions qui y participent, ainsi qu&rsquo;un moyen int\u00e9ressant de vendre les produits de nos ateliers.<\/p>\t\t\t\t\t\t<\/div>\n\t\t\t\t<\/div>\n\t\t\t\t\t<\/div>\n\t\t<\/div>\n\t\t\t\t\t<\/div>\n\t\t<\/section>\n\t\t\t\t<section class=\"elementor-section elementor-top-section elementor-element elementor-element-462d4c8 elementor-reverse-mobile elementor-section-boxed elementor-section-height-default elementor-section-height-default\" data-id=\"462d4c8\" data-element_type=\"section\">\n\t\t\t\t\t\t<div class=\"elementor-container elementor-column-gap-no\">\n\t\t\t\t\t<div class=\"elementor-column elementor-col-33 elementor-top-column elementor-element elementor-element-6c95944\" data-id=\"6c95944\" data-element_type=\"column\">\n\t\t\t<div class=\"elementor-widget-wrap elementor-element-populated\">\n\t\t\t\t\t\t<div class=\"elementor-element elementor-element-c627e9d elementor-widget elementor-widget-heading\" data-id=\"c627e9d\" data-element_type=\"widget\" data-widget_type=\"heading.default\">\n\t\t\t\t<div class=\"elementor-widget-container\">\n\t\t\t<h2 class=\"elementor-heading-title elementor-size-default\">Les ateliers sur Instagram<\/h2>\t\t<\/div>\n\t\t\t\t<\/div>\n\t\t\t\t\t<\/div>\n\t\t<\/div>\n\t\t\t\t<div class=\"elementor-column elementor-col-66 elementor-top-column elementor-element elementor-element-2aa9030\" data-id=\"2aa9030\" data-element_type=\"column\">\n\t\t\t<div class=\"elementor-widget-wrap elementor-element-populated\">\n\t\t\t\t\t\t<div class=\"elementor-element elementor-element-dc13d66 elementor-widget__width-initial elementor-widget-mobile__width-initial elementor-widget-tablet__width-initial elementor-widget elementor-widget-text-editor\" data-id=\"dc13d66\" data-element_type=\"widget\" data-widget_type=\"text-editor.default\">\n\t\t\t\t<div class=\"elementor-widget-container\">\n\t\t\t\t\t\t\t<p>2023 a \u00e9t\u00e9 l&rsquo;ann\u00e9e du <b>lancement des <a href=\"https:\/\/www.instagram.com\/ateliersciteradieuse\/\" target=\"_blank\" rel=\"noopener\">ateliers sur Instagram<\/a><\/b> ! Gr\u00e2ce \u00e0 l&rsquo;id\u00e9e de Muriel Siebenmann, MSP \u00e0 l&rsquo;atelier tissage, de r\u00e9aliser son travail de dipl\u00f4me MSP sur cette th\u00e9matique, les ateliers ont d\u00e9sormais une jolie pr\u00e9sence sur ce r\u00e9seau social.<\/p><p>Mais le lancement du compte \u00e0 lui seul n&rsquo;\u00e9tait pas la finalit\u00e9: le but est <b>d&rsquo;impliquer au maximum les b\u00e9n\u00e9ficiaires<\/b> dans toutes les \u00e9tapes du processus. Cr\u00e9ation du contenu, r\u00e9alisation des photos des produits, r\u00e9ponse aux messages, pr\u00e9paration et envoi des commandes, collaboration avec l&rsquo;atelier informatique&#8230; Ce lancement est un projet socio-professionnel \u00e0 part enti\u00e8re.<!-- notionvc: 4fe35a9f-b6bb-4948-b7fd-e63795c55afd --><\/p>\t\t\t\t\t\t<\/div>\n\t\t\t\t<\/div>\n\t\t\t\t<div class=\"elementor-element elementor-element-e5fb61a elementor-widget elementor-widget-image\" data-id=\"e5fb61a\" data-element_type=\"widget\" data-widget_type=\"image.default\">\n\t\t\t\t<div class=\"elementor-widget-container\">\n\t\t\t\t\t\t\t<div class=\"elementor-image\">\n\t\t\t\t\t\t\t\t\t\t\t\t\t\t\t\t\t\t\t\t\t<img loading=\"lazy\" decoding=\"async\" width=\"953\" height=\"897\" src=\"https:\/\/rapports.citeradieuse.ch\/2023\/wp-content\/uploads\/sites\/3\/2024\/10\/instagram-ateliers.png\" class=\"attachment-large size-large wp-image-987999\" alt=\"Compte instagram des ateliers de la cit\u00e9 radieuse\" srcset=\"https:\/\/rapports.citeradieuse.ch\/2023\/wp-content\/uploads\/sites\/3\/2024\/10\/instagram-ateliers.png 953w, https:\/\/rapports.citeradieuse.ch\/2023\/wp-content\/uploads\/sites\/3\/2024\/10\/instagram-ateliers-300x282.png 300w, https:\/\/rapports.citeradieuse.ch\/2023\/wp-content\/uploads\/sites\/3\/2024\/10\/instagram-ateliers-768x723.png 768w\" sizes=\"(max-width: 953px) 100vw, 953px\" \/>\t\t\t\t\t\t\t\t\t\t\t\t\t\t\t\t\t\t\t\t\t\t\t\t<\/div>\n\t\t\t\t\t\t<\/div>\n\t\t\t\t<\/div>\n\t\t\t\t\t<\/div>\n\t\t<\/div>\n\t\t\t\t\t<\/div>\n\t\t<\/section>\n\t\t\t\t<\/div>\n\t\t","protected":false},"excerpt":{"rendered":"<p>Nos prestations Ateliers \u00e0 vocationsocialisante Nombre d&rsquo;heures travaill\u00e9es dans les ateliers par les b\u00e9n\u00e9ficiaires en 2023 0 Mai: march\u00e9 des ateliers Le 15 mai a eu lieu le traditionnel march\u00e9 des ateliers. Une journ\u00e9e tr\u00e8s riche en \u00e9changes, notamment avec la pr\u00e9sence d&rsquo;un vigneron. Nous y avons rencontr\u00e9 beaucoup de nouvelles personnes et sommes heureux&#8230;<\/p>\n","protected":false},"author":1,"featured_media":0,"parent":0,"menu_order":0,"comment_status":"closed","ping_status":"closed","template":"","meta":{"footnotes":""},"class_list":["post-987757","page","type-page","status-publish","hentry"],"_links":{"self":[{"href":"https:\/\/rapports.citeradieuse.ch\/2023\/wp-json\/wp\/v2\/pages\/987757","targetHints":{"allow":["GET"]}}],"collection":[{"href":"https:\/\/rapports.citeradieuse.ch\/2023\/wp-json\/wp\/v2\/pages"}],"about":[{"href":"https:\/\/rapports.citeradieuse.ch\/2023\/wp-json\/wp\/v2\/types\/page"}],"author":[{"embeddable":true,"href":"https:\/\/rapports.citeradieuse.ch\/2023\/wp-json\/wp\/v2\/users\/1"}],"replies":[{"embeddable":true,"href":"https:\/\/rapports.citeradieuse.ch\/2023\/wp-json\/wp\/v2\/comments?post=987757"}],"version-history":[{"count":34,"href":"https:\/\/rapports.citeradieuse.ch\/2023\/wp-json\/wp\/v2\/pages\/987757\/revisions"}],"predecessor-version":[{"id":988035,"href":"https:\/\/rapports.citeradieuse.ch\/2023\/wp-json\/wp\/v2\/pages\/987757\/revisions\/988035"}],"wp:attachment":[{"href":"https:\/\/rapports.citeradieuse.ch\/2023\/wp-json\/wp\/v2\/media?parent=987757"}],"curies":[{"name":"wp","href":"https:\/\/api.w.org\/{rel}","templated":true}]}}