{"id":987794,"date":"2024-07-24T14:14:47","date_gmt":"2024-07-24T12:14:47","guid":{"rendered":"https:\/\/rapports.citeradieuse.ch\/2023\/?page_id=987794"},"modified":"2024-07-24T14:24:35","modified_gmt":"2024-07-24T12:24:35","slug":"le-mot-du-president","status":"publish","type":"page","link":"https:\/\/rapports.citeradieuse.ch\/2023\/le-mot-du-president\/","title":{"rendered":"Le mot du Pr\u00e9sident"},"content":{"rendered":"\t\t<div data-elementor-type=\"wp-page\" data-elementor-id=\"987794\" class=\"elementor elementor-987794\" data-elementor-post-type=\"page\">\n\t\t\t\t\t\t<section class=\"elementor-section elementor-top-section elementor-element elementor-element-33161bd1 elementor-section-full_width elementor-section-height-min-height animated-fast elementor-section-height-default elementor-section-items-middle elementor-invisible\" data-id=\"33161bd1\" data-element_type=\"section\" data-settings=\"{&quot;background_background&quot;:&quot;classic&quot;,&quot;animation&quot;:&quot;fadeIn&quot;}\">\n\t\t\t\t\t\t\t<div class=\"elementor-background-overlay\"><\/div>\n\t\t\t\t\t\t\t<div class=\"elementor-container elementor-column-gap-no\">\n\t\t\t\t\t<div class=\"elementor-column elementor-col-100 elementor-top-column elementor-element elementor-element-49b90114\" data-id=\"49b90114\" data-element_type=\"column\">\n\t\t\t<div class=\"elementor-widget-wrap\">\n\t\t\t\t\t\t\t<\/div>\n\t\t<\/div>\n\t\t\t\t\t<\/div>\n\t\t<\/section>\n\t\t\t\t<section class=\"elementor-section elementor-top-section elementor-element elementor-element-5da2da3e elementor-section-boxed elementor-section-height-default elementor-section-height-default\" data-id=\"5da2da3e\" data-element_type=\"section\">\n\t\t\t\t\t\t\t<div class=\"elementor-background-overlay\"><\/div>\n\t\t\t\t\t\t\t<div class=\"elementor-container elementor-column-gap-no\">\n\t\t\t\t\t<div class=\"elementor-column elementor-col-50 elementor-top-column elementor-element elementor-element-27bd5eac\" data-id=\"27bd5eac\" data-element_type=\"column\" data-settings=\"{&quot;motion_fx_motion_fx_scrolling&quot;:&quot;yes&quot;,&quot;motion_fx_translateY_effect&quot;:&quot;yes&quot;,&quot;motion_fx_translateY_speed&quot;:{&quot;unit&quot;:&quot;px&quot;,&quot;size&quot;:1,&quot;sizes&quot;:[]},&quot;motion_fx_devices&quot;:[&quot;desktop&quot;],&quot;motion_fx_translateY_affectedRange&quot;:{&quot;unit&quot;:&quot;%&quot;,&quot;size&quot;:&quot;&quot;,&quot;sizes&quot;:{&quot;start&quot;:0,&quot;end&quot;:100}}}\">\n\t\t\t<div class=\"elementor-widget-wrap elementor-element-populated\">\n\t\t\t\t\t\t<div class=\"elementor-element elementor-element-4f920600 elementor-widget elementor-widget-heading\" data-id=\"4f920600\" data-element_type=\"widget\" data-widget_type=\"heading.default\">\n\t\t\t\t<div class=\"elementor-widget-container\">\n\t\t\t<h4 class=\"elementor-heading-title elementor-size-default\">RAOUL CRUCHON<\/h4>\t\t<\/div>\n\t\t\t\t<\/div>\n\t\t\t\t<div class=\"elementor-element elementor-element-b525d0b elementor-widget__width-auto elementor-widget-tablet__width-auto elementor-widget-mobile__width-inherit vamtam-align-left elementor-widget elementor-widget-heading\" data-id=\"b525d0b\" data-element_type=\"widget\" data-widget_type=\"heading.heading_caridad\">\n\t\t\t\t<div class=\"elementor-widget-container\">\n\t\t\t<h1 class='vamtam-heading-wrapper'><div class=\"elementor-heading-title\">Le mot du Pr\u00e9sident<\/div><div class=\"elementor-heading-title\">de la Fondation Cit\u00e9 Radieuse<\/div><\/h1>\t\t<\/div>\n\t\t\t\t<\/div>\n\t\t\t\t\t<\/div>\n\t\t<\/div>\n\t\t\t\t<div class=\"elementor-column elementor-col-50 elementor-top-column elementor-element elementor-element-554a317c elementor-hidden-desktop elementor-hidden-tablet elementor-hidden-phone\" data-id=\"554a317c\" data-element_type=\"column\">\n\t\t\t<div class=\"elementor-widget-wrap\">\n\t\t\t\t\t\t\t<\/div>\n\t\t<\/div>\n\t\t\t\t\t<\/div>\n\t\t<\/section>\n\t\t\t\t<section class=\"elementor-section elementor-top-section elementor-element elementor-element-72f4cfa elementor-section-boxed elementor-section-height-default elementor-section-height-default\" data-id=\"72f4cfa\" data-element_type=\"section\">\n\t\t\t\t\t\t<div class=\"elementor-container elementor-column-gap-no\">\n\t\t\t\t\t<div class=\"elementor-column elementor-col-50 elementor-top-column elementor-element elementor-element-61a2ba1 elementor-hidden-phone\" data-id=\"61a2ba1\" data-element_type=\"column\">\n\t\t\t<div class=\"elementor-widget-wrap elementor-element-populated\">\n\t\t\t\t\t\t<div class=\"elementor-element elementor-element-c36295a elementor-widget elementor-widget-image\" data-id=\"c36295a\" data-element_type=\"widget\" data-settings=\"{&quot;motion_fx_translateY_effect&quot;:&quot;yes&quot;,&quot;motion_fx_translateY_speed&quot;:{&quot;unit&quot;:&quot;px&quot;,&quot;size&quot;:0.5,&quot;sizes&quot;:[]},&quot;motion_fx_devices&quot;:[&quot;desktop&quot;],&quot;motion_fx_motion_fx_scrolling&quot;:&quot;yes&quot;,&quot;motion_fx_translateY_affectedRange&quot;:{&quot;unit&quot;:&quot;%&quot;,&quot;size&quot;:&quot;&quot;,&quot;sizes&quot;:{&quot;start&quot;:0,&quot;end&quot;:100}}}\" data-widget_type=\"image.default\">\n\t\t\t\t<div class=\"elementor-widget-container\">\n\t\t\t\t\t\t\t<div class=\"elementor-image\">\n\t\t\t\t\t\t\t\t\t\t\t\t\t\t\t\t\t\t\t\t\t<img fetchpriority=\"high\" decoding=\"async\" width=\"1707\" height=\"2560\" src=\"https:\/\/rapports.citeradieuse.ch\/2023\/wp-content\/uploads\/sites\/3\/2024\/04\/CiteRadieuse-RCruchon-RD7_1354-scaled.jpg\" class=\"attachment-full size-full wp-image-987656\" alt=\"\" srcset=\"https:\/\/rapports.citeradieuse.ch\/2023\/wp-content\/uploads\/sites\/3\/2024\/04\/CiteRadieuse-RCruchon-RD7_1354-scaled.jpg 1707w, https:\/\/rapports.citeradieuse.ch\/2023\/wp-content\/uploads\/sites\/3\/2024\/04\/CiteRadieuse-RCruchon-RD7_1354-200x300.jpg 200w, https:\/\/rapports.citeradieuse.ch\/2023\/wp-content\/uploads\/sites\/3\/2024\/04\/CiteRadieuse-RCruchon-RD7_1354-683x1024.jpg 683w, https:\/\/rapports.citeradieuse.ch\/2023\/wp-content\/uploads\/sites\/3\/2024\/04\/CiteRadieuse-RCruchon-RD7_1354-768x1152.jpg 768w, https:\/\/rapports.citeradieuse.ch\/2023\/wp-content\/uploads\/sites\/3\/2024\/04\/CiteRadieuse-RCruchon-RD7_1354-1024x1536.jpg 1024w, https:\/\/rapports.citeradieuse.ch\/2023\/wp-content\/uploads\/sites\/3\/2024\/04\/CiteRadieuse-RCruchon-RD7_1354-1365x2048.jpg 1365w\" sizes=\"(max-width: 1707px) 100vw, 1707px\" \/>\t\t\t\t\t\t\t\t\t\t\t\t\t\t\t\t\t\t\t\t\t\t\t\t<\/div>\n\t\t\t\t\t\t<\/div>\n\t\t\t\t<\/div>\n\t\t\t\t<div class=\"elementor-element elementor-element-b635ebc elementor-widget elementor-widget-text-editor\" data-id=\"b635ebc\" data-element_type=\"widget\" data-widget_type=\"text-editor.default\">\n\t\t\t\t<div class=\"elementor-widget-container\">\n\t\t\t\t\t\t\t<p><span style=\"font-style: normal; font-variant-ligatures: normal; font-variant-caps: normal; font-weight: bold; font-size: 16px; font-family: Poppins, sans-serif; white-space-collapse: preserve;\">Raoul Cruchon,<br \/><\/span><span style=\"font-family: Poppins, sans-serif; font-size: 16px; font-style: normal; font-variant-ligatures: normal; font-variant-caps: normal; font-weight: 400; white-space-collapse: preserve;\">Pr\u00e9sident de la Cit\u00e9 Radieuse<\/span><\/p>\t\t\t\t\t\t<\/div>\n\t\t\t\t<\/div>\n\t\t\t\t\t<\/div>\n\t\t<\/div>\n\t\t\t\t<div class=\"elementor-column elementor-col-50 elementor-top-column elementor-element elementor-element-033ddc1\" data-id=\"033ddc1\" data-element_type=\"column\" data-settings=\"{&quot;motion_fx_motion_fx_scrolling&quot;:&quot;yes&quot;,&quot;motion_fx_translateY_effect&quot;:&quot;yes&quot;,&quot;motion_fx_translateY_speed&quot;:{&quot;unit&quot;:&quot;px&quot;,&quot;size&quot;:0.5,&quot;sizes&quot;:[]},&quot;motion_fx_devices&quot;:[&quot;desktop&quot;],&quot;motion_fx_translateY_affectedRange&quot;:{&quot;unit&quot;:&quot;%&quot;,&quot;size&quot;:&quot;&quot;,&quot;sizes&quot;:{&quot;start&quot;:0,&quot;end&quot;:100}}}\">\n\t\t\t<div class=\"elementor-widget-wrap elementor-element-populated\">\n\t\t\t\t\t\t<div class=\"elementor-element elementor-element-7dafe0a elementor-widget elementor-widget-text-editor\" data-id=\"7dafe0a\" data-element_type=\"widget\" data-widget_type=\"text-editor.default\">\n\t\t\t\t<div class=\"elementor-widget-container\">\n\t\t\t\t\t\t\t<p><\/p>\n<p style=\"font-style: normal; font-variant-ligatures: normal; font-variant-caps: normal; font-weight: 400; font-size: 16px; font-family: Poppins, sans-serif;\">Depuis plus de cinquante ans, La Fondation Cit\u00e9 Radieuse accueille des personnes adultes en situation de handicap physique et troubles associ\u00e9s. Elle accompagne ces personnes dans leur projet de vie.&nbsp; Elle \u0153uvre avec conviction pour leur dignit\u00e9.<\/p>\n<p>La Fondation tient \u00e0 dire sa reconnaissance \u00e0 toutes les personnes qui se donnent au quotidien pour assurer cette tr\u00e8s belle mission. Sous la responsabilit\u00e9 bienveillante de notre Directrice Mme Isabelle Favre, nous avons la chance de pouvoir compter avec les comp\u00e9tences d\u2019un personnel engag\u00e9.<\/p>\n<p>Le r\u00f4le de la Fondation est \u00e9galement de fournir des infrastructures modernes et adapt\u00e9es aux r\u00e9alit\u00e9s du handicap actuel. Pour r\u00e9pondre \u00e0 ces besoins, nous avons entam\u00e9 les travaux d\u2019\u00e9tudes pour la r\u00e9alisation d\u2019une nouvelle structure mixte, habitats et ateliers, capable de reloger nos r\u00e9sidents encore h\u00e9berg\u00e9s dans nos anciennes maisons devenues v\u00e9tustes.<\/p>\n<p>Ce nouveau projet est devis\u00e9 \u00e0 quelques dix millions de francs.&nbsp; Nous devons assurer le financement des 20 % de fonds propres pour lesquels nous allons devoir compter avec le soutien de nos fid\u00e8les donateurs. Pour r\u00e9aliser cette future \u00e9tape, nous avons besoin de la solidarit\u00e9 de toute la soci\u00e9t\u00e9. Toutes personne physique ou morale qui souhaite nous aider est la bienvenue. Chaque don compte. Nous remercions nos nombreux et g\u00e9n\u00e9reux donateurs pour leur future contribution. La Fondation est labellis\u00e9e ZEWO ce qui signifie que nous pouvons assurer \u00e0 ceux qui souhaitent nous soutenir, que les fonds touch\u00e9s sont exclusivement affect\u00e9s \u00e0 notre mission au service de la dignit\u00e9 des personnes en situation de handicap.<\/p>\n<p>La Fondation remercie \u00e9galement le Canton de Vaud et notamment la Direction de la coh\u00e9sion sociale, pour son soutien, la confiance exprim\u00e9e, et sa consid\u00e9ration pour le travail important r\u00e9alis\u00e9 \u00e0 la Cit\u00e9 Radieuse.<\/p>\t\t\t\t\t\t<\/div>\n\t\t\t\t<\/div>\n\t\t\t\t\t<\/div>\n\t\t<\/div>\n\t\t\t\t\t<\/div>\n\t\t<\/section>\n\t\t\t\t<\/div>\n\t\t","protected":false},"excerpt":{"rendered":"<p>RAOUL CRUCHON Le mot du Pr\u00e9sidentde la Fondation Cit\u00e9 Radieuse Raoul Cruchon,Pr\u00e9sident de la Cit\u00e9 Radieuse Depuis plus de cinquante ans, La Fondation Cit\u00e9 Radieuse accueille des personnes adultes en situation de handicap physique et troubles associ\u00e9s. Elle accompagne ces personnes dans leur projet de vie.&nbsp; Elle \u0153uvre avec conviction pour leur dignit\u00e9. La Fondation&#8230;<\/p>\n","protected":false},"author":1,"featured_media":0,"parent":0,"menu_order":0,"comment_status":"closed","ping_status":"closed","template":"","meta":{"footnotes":""},"class_list":["post-987794","page","type-page","status-publish","hentry"],"_links":{"self":[{"href":"https:\/\/rapports.citeradieuse.ch\/2023\/wp-json\/wp\/v2\/pages\/987794","targetHints":{"allow":["GET"]}}],"collection":[{"href":"https:\/\/rapports.citeradieuse.ch\/2023\/wp-json\/wp\/v2\/pages"}],"about":[{"href":"https:\/\/rapports.citeradieuse.ch\/2023\/wp-json\/wp\/v2\/types\/page"}],"author":[{"embeddable":true,"href":"https:\/\/rapports.citeradieuse.ch\/2023\/wp-json\/wp\/v2\/users\/1"}],"replies":[{"embeddable":true,"href":"https:\/\/rapports.citeradieuse.ch\/2023\/wp-json\/wp\/v2\/comments?post=987794"}],"version-history":[{"count":16,"href":"https:\/\/rapports.citeradieuse.ch\/2023\/wp-json\/wp\/v2\/pages\/987794\/revisions"}],"predecessor-version":[{"id":987915,"href":"https:\/\/rapports.citeradieuse.ch\/2023\/wp-json\/wp\/v2\/pages\/987794\/revisions\/987915"}],"wp:attachment":[{"href":"https:\/\/rapports.citeradieuse.ch\/2023\/wp-json\/wp\/v2\/media?parent=987794"}],"curies":[{"name":"wp","href":"https:\/\/api.w.org\/{rel}","templated":true}]}}