{"id":987953,"date":"2024-07-24T14:43:54","date_gmt":"2024-07-24T12:43:54","guid":{"rendered":"https:\/\/rapports.citeradieuse.ch\/2023\/?page_id=987953"},"modified":"2024-08-19T10:23:17","modified_gmt":"2024-08-19T08:23:17","slug":"le-mot-de-la-directrice","status":"publish","type":"page","link":"https:\/\/rapports.citeradieuse.ch\/2023\/le-mot-de-la-directrice\/","title":{"rendered":"Le mot de la directrice"},"content":{"rendered":"\t\t<div data-elementor-type=\"wp-page\" data-elementor-id=\"987953\" class=\"elementor elementor-987953\" data-elementor-post-type=\"page\">\n\t\t\t\t\t\t<section class=\"elementor-section elementor-top-section elementor-element elementor-element-33161bd1 elementor-section-full_width elementor-section-height-min-height animated-fast elementor-section-height-default elementor-section-items-middle elementor-invisible\" data-id=\"33161bd1\" data-element_type=\"section\" data-settings=\"{&quot;background_background&quot;:&quot;classic&quot;,&quot;animation&quot;:&quot;fadeIn&quot;}\">\n\t\t\t\t\t\t\t<div class=\"elementor-background-overlay\"><\/div>\n\t\t\t\t\t\t\t<div class=\"elementor-container elementor-column-gap-no\">\n\t\t\t\t\t<div class=\"elementor-column elementor-col-100 elementor-top-column elementor-element elementor-element-49b90114\" data-id=\"49b90114\" data-element_type=\"column\">\n\t\t\t<div class=\"elementor-widget-wrap\">\n\t\t\t\t\t\t\t<\/div>\n\t\t<\/div>\n\t\t\t\t\t<\/div>\n\t\t<\/section>\n\t\t\t\t<section class=\"elementor-section elementor-top-section elementor-element elementor-element-5da2da3e elementor-section-boxed elementor-section-height-default elementor-section-height-default\" data-id=\"5da2da3e\" data-element_type=\"section\">\n\t\t\t\t\t\t\t<div class=\"elementor-background-overlay\"><\/div>\n\t\t\t\t\t\t\t<div class=\"elementor-container elementor-column-gap-no\">\n\t\t\t\t\t<div class=\"elementor-column elementor-col-50 elementor-top-column elementor-element elementor-element-27bd5eac\" data-id=\"27bd5eac\" data-element_type=\"column\" data-settings=\"{&quot;motion_fx_motion_fx_scrolling&quot;:&quot;yes&quot;,&quot;motion_fx_translateY_effect&quot;:&quot;yes&quot;,&quot;motion_fx_translateY_speed&quot;:{&quot;unit&quot;:&quot;px&quot;,&quot;size&quot;:1,&quot;sizes&quot;:[]},&quot;motion_fx_devices&quot;:[&quot;desktop&quot;],&quot;motion_fx_translateY_affectedRange&quot;:{&quot;unit&quot;:&quot;%&quot;,&quot;size&quot;:&quot;&quot;,&quot;sizes&quot;:{&quot;start&quot;:0,&quot;end&quot;:100}}}\">\n\t\t\t<div class=\"elementor-widget-wrap elementor-element-populated\">\n\t\t\t\t\t\t<div class=\"elementor-element elementor-element-4f920600 elementor-widget elementor-widget-heading\" data-id=\"4f920600\" data-element_type=\"widget\" data-widget_type=\"heading.default\">\n\t\t\t\t<div class=\"elementor-widget-container\">\n\t\t\t<h4 class=\"elementor-heading-title elementor-size-default\">Isabelle Favre<\/h4>\t\t<\/div>\n\t\t\t\t<\/div>\n\t\t\t\t<div class=\"elementor-element elementor-element-b525d0b elementor-widget__width-auto elementor-widget-tablet__width-auto elementor-widget-mobile__width-inherit vamtam-align-left elementor-widget elementor-widget-heading\" data-id=\"b525d0b\" data-element_type=\"widget\" data-widget_type=\"heading.heading_caridad\">\n\t\t\t\t<div class=\"elementor-widget-container\">\n\t\t\t<h1 class='vamtam-heading-wrapper'><div class=\"elementor-heading-title\">Le mot de la directrice<\/div><div class=\"elementor-heading-title\">de la Fondation Cit\u00e9 Radieuse<\/div><\/h1>\t\t<\/div>\n\t\t\t\t<\/div>\n\t\t\t\t\t<\/div>\n\t\t<\/div>\n\t\t\t\t<div class=\"elementor-column elementor-col-50 elementor-top-column elementor-element elementor-element-554a317c elementor-hidden-desktop elementor-hidden-tablet elementor-hidden-phone\" data-id=\"554a317c\" data-element_type=\"column\">\n\t\t\t<div class=\"elementor-widget-wrap\">\n\t\t\t\t\t\t\t<\/div>\n\t\t<\/div>\n\t\t\t\t\t<\/div>\n\t\t<\/section>\n\t\t\t\t<section class=\"elementor-section elementor-top-section elementor-element elementor-element-72f4cfa elementor-section-boxed elementor-section-height-default elementor-section-height-default\" data-id=\"72f4cfa\" data-element_type=\"section\">\n\t\t\t\t\t\t<div class=\"elementor-container elementor-column-gap-no\">\n\t\t\t\t\t<div class=\"elementor-column elementor-col-50 elementor-top-column elementor-element elementor-element-61a2ba1 elementor-hidden-phone\" data-id=\"61a2ba1\" data-element_type=\"column\">\n\t\t\t<div class=\"elementor-widget-wrap elementor-element-populated\">\n\t\t\t\t\t\t<div class=\"elementor-element elementor-element-c36295a elementor-widget elementor-widget-image\" data-id=\"c36295a\" data-element_type=\"widget\" data-settings=\"{&quot;motion_fx_translateY_effect&quot;:&quot;yes&quot;,&quot;motion_fx_translateY_speed&quot;:{&quot;unit&quot;:&quot;px&quot;,&quot;size&quot;:0.5,&quot;sizes&quot;:[]},&quot;motion_fx_devices&quot;:[&quot;desktop&quot;],&quot;motion_fx_motion_fx_scrolling&quot;:&quot;yes&quot;,&quot;motion_fx_translateY_affectedRange&quot;:{&quot;unit&quot;:&quot;%&quot;,&quot;size&quot;:&quot;&quot;,&quot;sizes&quot;:{&quot;start&quot;:0,&quot;end&quot;:100}}}\" data-widget_type=\"image.default\">\n\t\t\t\t<div class=\"elementor-widget-container\">\n\t\t\t\t\t\t\t<div class=\"elementor-image\">\n\t\t\t\t\t\t\t\t\t\t\t\t\t\t\t\t\t\t\t\t\t<img fetchpriority=\"high\" decoding=\"async\" width=\"1666\" height=\"2162\" src=\"https:\/\/rapports.citeradieuse.ch\/2023\/wp-content\/uploads\/sites\/3\/2024\/07\/IsabelleFavre-RaphaelDupertuis-RD7_1361-e1721824082613.jpg\" class=\"attachment-full size-full wp-image-987811\" alt=\"\" srcset=\"https:\/\/rapports.citeradieuse.ch\/2023\/wp-content\/uploads\/sites\/3\/2024\/07\/IsabelleFavre-RaphaelDupertuis-RD7_1361-e1721824082613.jpg 1666w, https:\/\/rapports.citeradieuse.ch\/2023\/wp-content\/uploads\/sites\/3\/2024\/07\/IsabelleFavre-RaphaelDupertuis-RD7_1361-e1721824082613-231x300.jpg 231w, https:\/\/rapports.citeradieuse.ch\/2023\/wp-content\/uploads\/sites\/3\/2024\/07\/IsabelleFavre-RaphaelDupertuis-RD7_1361-e1721824082613-789x1024.jpg 789w, https:\/\/rapports.citeradieuse.ch\/2023\/wp-content\/uploads\/sites\/3\/2024\/07\/IsabelleFavre-RaphaelDupertuis-RD7_1361-e1721824082613-768x997.jpg 768w, https:\/\/rapports.citeradieuse.ch\/2023\/wp-content\/uploads\/sites\/3\/2024\/07\/IsabelleFavre-RaphaelDupertuis-RD7_1361-e1721824082613-1184x1536.jpg 1184w, https:\/\/rapports.citeradieuse.ch\/2023\/wp-content\/uploads\/sites\/3\/2024\/07\/IsabelleFavre-RaphaelDupertuis-RD7_1361-e1721824082613-1578x2048.jpg 1578w\" sizes=\"(max-width: 1666px) 100vw, 1666px\" \/>\t\t\t\t\t\t\t\t\t\t\t\t\t\t\t\t\t\t\t\t\t\t\t\t<\/div>\n\t\t\t\t\t\t<\/div>\n\t\t\t\t<\/div>\n\t\t\t\t<div class=\"elementor-element elementor-element-b635ebc elementor-widget elementor-widget-text-editor\" data-id=\"b635ebc\" data-element_type=\"widget\" data-widget_type=\"text-editor.default\">\n\t\t\t\t<div class=\"elementor-widget-container\">\n\t\t\t\t\t\t\t<p><span style=\"font-style: normal; font-variant-ligatures: normal; font-variant-caps: normal; font-weight: bold; font-size: 16px; font-family: Poppins, sans-serif; white-space-collapse: preserve;\">Isabelle Favre,<br \/><\/span><span style=\"font-family: Poppins, sans-serif; font-size: 16px; font-style: normal; font-variant-ligatures: normal; font-variant-caps: normal; font-weight: 400; white-space-collapse: preserve;\">Directrice de la Cit\u00e9 Radieuse<\/span><\/p>\t\t\t\t\t\t<\/div>\n\t\t\t\t<\/div>\n\t\t\t\t\t<\/div>\n\t\t<\/div>\n\t\t\t\t<div class=\"elementor-column elementor-col-50 elementor-top-column elementor-element elementor-element-033ddc1\" data-id=\"033ddc1\" data-element_type=\"column\" data-settings=\"{&quot;motion_fx_motion_fx_scrolling&quot;:&quot;yes&quot;,&quot;motion_fx_translateY_effect&quot;:&quot;yes&quot;,&quot;motion_fx_translateY_speed&quot;:{&quot;unit&quot;:&quot;px&quot;,&quot;size&quot;:0.5,&quot;sizes&quot;:[]},&quot;motion_fx_devices&quot;:[&quot;desktop&quot;],&quot;motion_fx_translateY_affectedRange&quot;:{&quot;unit&quot;:&quot;%&quot;,&quot;size&quot;:&quot;&quot;,&quot;sizes&quot;:{&quot;start&quot;:0,&quot;end&quot;:100}}}\">\n\t\t\t<div class=\"elementor-widget-wrap elementor-element-populated\">\n\t\t\t\t\t\t<div class=\"elementor-element elementor-element-7dafe0a elementor-widget elementor-widget-text-editor\" data-id=\"7dafe0a\" data-element_type=\"widget\" data-widget_type=\"text-editor.default\">\n\t\t\t\t<div class=\"elementor-widget-container\">\n\t\t\t\t\t\t\t<p><b>Si la menace de p\u00e9nurie de personnel a mis la Cit\u00e9 Radieuse \u00e0\nrude \u00e9preuve, force est de constater, au jour du bilan, qu\u2019elle est en capacit\u00e9\nde relever les d\u00e9fis qui l\u2019attendent gr\u00e2ce \u00e0 l\u2019engagement de tous, aussi bien\ndans l\u2019accompagnent que dans tous les services supports. <o:p><\/o:p><\/b><\/p><p>&nbsp;Les\n\u00e9changes et le travail avec les partenaires externes, de l\u2019Etat, avec notre\nassociation fa\u00eeti\u00e8re (l\u2019AVOP), avec le milieu associatif et de la formation constituent\nune part importante du travail de direction. Ainsi, de nombreux\nvisiteurs, parents, amis, ont prit part aux manifestations publiques ouvertes \u00e0\ntous et nous avons re\u00e7u en nos murs des professionnels d\u2019autres institutions, des\npartenaires, et des donateurs. C\u2019est\ndans un esprit de collaboration, d\u2019\u00e9change de bonnes pratiques, et aussi de\nconfrontation d\u2019id\u00e9es que nous contribuons ainsi \u00e0 la visibilit\u00e9 de la Cit\u00e9\nRadieuse et \u00e0 la d\u00e9fense de ses int\u00e9r\u00eats et de ceux des b\u00e9n\u00e9ficiaires. Merci \u00e0\nl\u2019ensemble des partenaires pour leur soutien.&nbsp;\n<o:p><\/o:p><\/p><p style=\"margin-bottom:1.0pt;mso-add-space:auto\">Les\nattentes et besoins des b\u00e9n\u00e9ficiaires \u00e9voluent. Par exemple, les jeunes\ntravailleurs qui arrivent aux ateliers ont des aspirations plus larges et\ndiversifi\u00e9es, et les r\u00e9sidents retrait\u00e9s ou proches de la retraite rencontrent\nde nouvelles difficult\u00e9s du fait m\u00eame du vieillissement. Au vu de ces constats,\net pour favoriser l\u2019adaptation des prestations, nous avons proc\u00e9d\u00e9 \u00e0 quelques\nchangements dans l\u2019organisation.<o:p><\/o:p><\/p><p style=\"margin-bottom:1.0pt;mso-add-space:\nauto;text-indent:-18.0pt;mso-list:l0 level1 lfo1\"><!--[if !supportLists]--><span style=\"font-family:Symbol;mso-fareast-font-family:Symbol;mso-bidi-font-family:\nSymbol\">\u00b7<span style=\"font:7.0pt &quot;Times New Roman&quot;\">&nbsp;&nbsp;&nbsp;&nbsp;&nbsp;&nbsp;&nbsp;&nbsp;\n<\/span><\/span><!--[endif]-->L\u2019int\u00e9gration\ndes ateliers et du centre de jour en un seul secteur appel\u00e9 secteur des\nactivit\u00e9s de jour, avec la volont\u00e9 de donner plus de souplesse \u00e0 notre\ndispositif. Depuis le 1<sup>er<\/sup> mai 2023, Mme C\u00e9drine Duplain dirige ce\nsecteur.<o:p><\/o:p><\/p><p style=\"mso-margin-bottom-alt:auto;mso-add-space:\nauto;text-indent:-18.0pt;line-height:normal;mso-list:l0 level1 lfo1\"><!--[if !supportLists]--><span style=\"font-family:Symbol;mso-fareast-font-family:Symbol;mso-bidi-font-family:\nSymbol\">\u00b7<span style=\"font:7.0pt &quot;Times New Roman&quot;\">&nbsp;&nbsp;&nbsp;&nbsp;&nbsp;&nbsp;&nbsp;&nbsp;\n<\/span><\/span><!--[endif]-->La\nconstitution du secteur sant\u00e9 et th\u00e9rapie, dans le but de soutenir le d\u00e9veloppement\net d\u2019optimiser la coordination des prestations de ces domaines, dans une\napproche globale et communautaire donnant sa juste place \u00e0 place \u00e0 la\npr\u00e9vention. <o:p><\/o:p><\/p><p>En ce qui concerne les\ninfrastructures, les travaux pr\u00e9paratoires pour la construction d\u2019un nouveau\nb\u00e2timent sont all\u00e9s bon train et le mandat d\u2019\u00e9tudes parall\u00e8les a \u00e9t\u00e9 lanc\u00e9. <o:p><\/o:p><\/p><p>Comme le lecteur le constatera, ce rapport d\u2019activit\u00e9 2023\nmarque \u00e9galement le passage \u00e0 des rapports annuels num\u00e9riques.<o:p><\/o:p><\/p><p>A l\u2019instar de tout le\nsecteur social, la recherche de personnel, la volont\u00e9 d\u2019offrir les meilleures\nconditions de travail possible dans le cadre budg\u00e9taire et conventionnel donn\u00e9,\nla participation aux d\u00e9marches de notre association fa\u00eeti\u00e8re nous ont habit\u00e9. Il\ny a eu l\u2019annonce de premi\u00e8res avanc\u00e9es concr\u00e8tes en terme salarial qui se sont\nconcr\u00e9tis\u00e9es au d\u00e9but de 2024. La situation reste difficile et tous les \u00e9carts\nn\u2019ont pas \u00e9t\u00e9 combl\u00e9s. Aussi, nous sommes tr\u00e8s reconnaissants du travail\naccompli par chacune et chacun des collaboratrices et collaborateurs et de\ntoutes les r\u00e9flexions qui s\u2019engagent tant pour am\u00e9liorer l\u2019attractivit\u00e9 de la\nCit\u00e9 Radieuse aupr\u00e8s des professionnels que pour faire \u00e9voluer les prestations.\n&nbsp;<span style=\"background:yellow;\nmso-highlight:yellow\"><o:p><\/o:p><\/span><\/p><p>\n\n\n\n\n\n\n\n\n\n\n\n\n\n\n\n<\/p><p>Le contexte soci\u00e9tal\nactuel, l\u2019\u00e9volution des b\u00e9n\u00e9ficiaires et de leurs attentes nous conduisent\nclairement \u00e0 une prochaine \u00e9tape qui sera de revisiter la mission et les\nvaleurs institutionnelles et leur expression dans le quotidien des\nb\u00e9n\u00e9ficiaires et des professionnels.<o:p><\/o:p><\/p>\t\t\t\t\t\t<\/div>\n\t\t\t\t<\/div>\n\t\t\t\t\t<\/div>\n\t\t<\/div>\n\t\t\t\t\t<\/div>\n\t\t<\/section>\n\t\t\t\t<\/div>\n\t\t","protected":false},"excerpt":{"rendered":"<p>Isabelle Favre Le mot de la directricede la Fondation Cit\u00e9 Radieuse Isabelle Favre,Directrice de la Cit\u00e9 Radieuse Si la menace de p\u00e9nurie de personnel a mis la Cit\u00e9 Radieuse \u00e0 rude \u00e9preuve, force est de constater, au jour du bilan, qu\u2019elle est en capacit\u00e9 de relever les d\u00e9fis qui l\u2019attendent gr\u00e2ce \u00e0 l\u2019engagement de tous,&#8230;<\/p>\n","protected":false},"author":1,"featured_media":0,"parent":0,"menu_order":0,"comment_status":"closed","ping_status":"closed","template":"","meta":{"footnotes":""},"class_list":["post-987953","page","type-page","status-publish","hentry"],"_links":{"self":[{"href":"https:\/\/rapports.citeradieuse.ch\/2023\/wp-json\/wp\/v2\/pages\/987953","targetHints":{"allow":["GET"]}}],"collection":[{"href":"https:\/\/rapports.citeradieuse.ch\/2023\/wp-json\/wp\/v2\/pages"}],"about":[{"href":"https:\/\/rapports.citeradieuse.ch\/2023\/wp-json\/wp\/v2\/types\/page"}],"author":[{"embeddable":true,"href":"https:\/\/rapports.citeradieuse.ch\/2023\/wp-json\/wp\/v2\/users\/1"}],"replies":[{"embeddable":true,"href":"https:\/\/rapports.citeradieuse.ch\/2023\/wp-json\/wp\/v2\/comments?post=987953"}],"version-history":[{"count":7,"href":"https:\/\/rapports.citeradieuse.ch\/2023\/wp-json\/wp\/v2\/pages\/987953\/revisions"}],"predecessor-version":[{"id":987994,"href":"https:\/\/rapports.citeradieuse.ch\/2023\/wp-json\/wp\/v2\/pages\/987953\/revisions\/987994"}],"wp:attachment":[{"href":"https:\/\/rapports.citeradieuse.ch\/2023\/wp-json\/wp\/v2\/media?parent=987953"}],"curies":[{"name":"wp","href":"https:\/\/api.w.org\/{rel}","templated":true}]}}