{"id":988029,"date":"2024-11-22T06:37:58","date_gmt":"2024-11-22T05:37:58","guid":{"rendered":"https:\/\/rapports.citeradieuse.ch\/2023\/?page_id=988029"},"modified":"2024-12-01T18:07:52","modified_gmt":"2024-12-01T17:07:52","slug":"ressources-humaines","status":"publish","type":"page","link":"https:\/\/rapports.citeradieuse.ch\/2023\/ressources-humaines\/","title":{"rendered":"Ressources humaines"},"content":{"rendered":"\t\t<div data-elementor-type=\"wp-page\" data-elementor-id=\"988029\" class=\"elementor elementor-988029\" data-elementor-post-type=\"page\">\n\t\t\t\t\t\t<section class=\"elementor-section elementor-top-section elementor-element elementor-element-d48e151 elementor-section-full_width elementor-section-height-min-height animated-fast elementor-section-height-default elementor-section-items-middle elementor-invisible\" data-id=\"d48e151\" data-element_type=\"section\" data-settings=\"{&quot;background_background&quot;:&quot;classic&quot;,&quot;animation&quot;:&quot;fadeIn&quot;}\">\n\t\t\t\t\t\t\t<div class=\"elementor-background-overlay\"><\/div>\n\t\t\t\t\t\t\t<div class=\"elementor-container elementor-column-gap-no\">\n\t\t\t\t\t<div class=\"elementor-column elementor-col-100 elementor-top-column elementor-element elementor-element-15e843b\" data-id=\"15e843b\" data-element_type=\"column\">\n\t\t\t<div class=\"elementor-widget-wrap\">\n\t\t\t\t\t\t\t<\/div>\n\t\t<\/div>\n\t\t\t\t\t<\/div>\n\t\t<\/section>\n\t\t\t\t<section class=\"elementor-section elementor-top-section elementor-element elementor-element-4b28a91 elementor-section-boxed elementor-section-height-default elementor-section-height-default\" data-id=\"4b28a91\" data-element_type=\"section\">\n\t\t\t\t\t\t<div class=\"elementor-container elementor-column-gap-no\">\n\t\t\t\t\t<div class=\"elementor-column elementor-col-50 elementor-top-column elementor-element elementor-element-eb8604e\" data-id=\"eb8604e\" data-element_type=\"column\" data-settings=\"{&quot;motion_fx_motion_fx_scrolling&quot;:&quot;yes&quot;,&quot;motion_fx_translateY_effect&quot;:&quot;yes&quot;,&quot;motion_fx_translateY_speed&quot;:{&quot;unit&quot;:&quot;px&quot;,&quot;size&quot;:1,&quot;sizes&quot;:[]},&quot;motion_fx_devices&quot;:[&quot;desktop&quot;],&quot;motion_fx_translateY_affectedRange&quot;:{&quot;unit&quot;:&quot;%&quot;,&quot;size&quot;:&quot;&quot;,&quot;sizes&quot;:{&quot;start&quot;:0,&quot;end&quot;:100}}}\">\n\t\t\t<div class=\"elementor-widget-wrap elementor-element-populated\">\n\t\t\t\t\t\t<div class=\"elementor-element elementor-element-001ef14 elementor-widget elementor-widget-heading\" data-id=\"001ef14\" data-element_type=\"widget\" data-widget_type=\"heading.default\">\n\t\t\t\t<div class=\"elementor-widget-container\">\n\t\t\t<h4 class=\"elementor-heading-title elementor-size-default\">administration<\/h4>\t\t<\/div>\n\t\t\t\t<\/div>\n\t\t\t\t<div class=\"elementor-element elementor-element-fb8fca5 elementor-widget__width-auto elementor-widget-tablet__width-auto elementor-widget-mobile__width-inherit vamtam-align-left elementor-widget elementor-widget-heading\" data-id=\"fb8fca5\" data-element_type=\"widget\" data-widget_type=\"heading.heading_caridad\">\n\t\t\t\t<div class=\"elementor-widget-container\">\n\t\t\t<h1 class='vamtam-heading-wrapper'><div class=\"elementor-heading-title\">Ressources<\/div><div class=\"elementor-heading-title\">humaines<\/div><\/h1>\t\t<\/div>\n\t\t\t\t<\/div>\n\t\t\t\t\t<\/div>\n\t\t<\/div>\n\t\t\t\t<div class=\"elementor-column elementor-col-50 elementor-top-column elementor-element elementor-element-7978d58 elementor-hidden-desktop elementor-hidden-tablet elementor-hidden-phone\" data-id=\"7978d58\" data-element_type=\"column\">\n\t\t\t<div class=\"elementor-widget-wrap\">\n\t\t\t\t\t\t\t<\/div>\n\t\t<\/div>\n\t\t\t\t\t<\/div>\n\t\t<\/section>\n\t\t\t\t<section class=\"elementor-section elementor-top-section elementor-element elementor-element-56c8959 elementor-reverse-mobile elementor-section-boxed elementor-section-height-default elementor-section-height-default\" data-id=\"56c8959\" data-element_type=\"section\">\n\t\t\t\t\t\t<div class=\"elementor-container elementor-column-gap-no\">\n\t\t\t\t\t<div class=\"elementor-column elementor-col-66 elementor-top-column elementor-element elementor-element-fde8f54\" data-id=\"fde8f54\" data-element_type=\"column\">\n\t\t\t<div class=\"elementor-widget-wrap elementor-element-populated\">\n\t\t\t\t\t\t<div class=\"elementor-element elementor-element-5034c5f elementor-widget__width-initial elementor-widget-mobile__width-initial elementor-widget-tablet__width-initial elementor-widget elementor-widget-text-editor\" data-id=\"5034c5f\" data-element_type=\"widget\" data-widget_type=\"text-editor.default\">\n\t\t\t\t<div class=\"elementor-widget-container\">\n\t\t\t\t\t\t\t<p><b>2023 a \u00e9t\u00e9 marqu\u00e9e par deux d\u00e9fis au niveau des ressources humaines: une difficult\u00e9 \u00e0 recruter de nouveaux membres du personnel, notamment \u00e0 cause des conditions de travail du secteur social, ainsi que par une mobilisation forte pour la revalorisation des conditions de travail du secteur parapublic, partiellement obtenue apr\u00e8s plusieurs manifestations du personnel de nombreuses institutions vaudoises.<\/b><!-- notionvc: 4fe35a9f-b6bb-4948-b7fd-e63795c55afd --><\/p>\t\t\t\t\t\t<\/div>\n\t\t\t\t<\/div>\n\t\t\t\t\t<\/div>\n\t\t<\/div>\n\t\t\t\t<div class=\"elementor-column elementor-col-33 elementor-top-column elementor-element elementor-element-b42a355\" data-id=\"b42a355\" data-element_type=\"column\">\n\t\t\t<div class=\"elementor-widget-wrap elementor-element-populated\">\n\t\t\t\t\t\t<div class=\"elementor-element elementor-element-734b5fd elementor-widget__width-initial elementor-widget elementor-widget-heading\" data-id=\"734b5fd\" data-element_type=\"widget\" data-widget_type=\"heading.default\">\n\t\t\t\t<div class=\"elementor-widget-container\">\n\t\t\t<h2 class=\"elementor-heading-title elementor-size-default\">Une ann\u00e9e de mobilisation<\/h2>\t\t<\/div>\n\t\t\t\t<\/div>\n\t\t\t\t\t<\/div>\n\t\t<\/div>\n\t\t\t\t\t<\/div>\n\t\t<\/section>\n\t\t\t\t<section class=\"elementor-section elementor-top-section elementor-element elementor-element-7c460ae elementor-section-boxed elementor-section-height-default elementor-section-height-default\" data-id=\"7c460ae\" data-element_type=\"section\">\n\t\t\t\t\t\t<div class=\"elementor-container elementor-column-gap-no\">\n\t\t\t\t\t<div class=\"elementor-column elementor-col-50 elementor-top-column elementor-element elementor-element-a901d75\" data-id=\"a901d75\" data-element_type=\"column\">\n\t\t\t<div class=\"elementor-widget-wrap elementor-element-populated\">\n\t\t\t\t\t\t<div class=\"elementor-element elementor-element-0ecf45b elementor-widget elementor-widget-image\" data-id=\"0ecf45b\" data-element_type=\"widget\" data-settings=\"{&quot;motion_fx_motion_fx_scrolling&quot;:&quot;yes&quot;,&quot;motion_fx_translateY_effect&quot;:&quot;yes&quot;,&quot;motion_fx_translateY_speed&quot;:{&quot;unit&quot;:&quot;px&quot;,&quot;size&quot;:0.5,&quot;sizes&quot;:[]},&quot;motion_fx_devices&quot;:[&quot;desktop&quot;],&quot;motion_fx_translateY_affectedRange&quot;:{&quot;unit&quot;:&quot;%&quot;,&quot;size&quot;:&quot;&quot;,&quot;sizes&quot;:{&quot;start&quot;:0,&quot;end&quot;:100}}}\" data-widget_type=\"image.default\">\n\t\t\t\t<div class=\"elementor-widget-container\">\n\t\t\t\t\t\t\t<div class=\"elementor-image\">\n\t\t\t\t\t\t\t\t\t\t\t\t\t\t\t\t\t\t\t\t\t<img fetchpriority=\"high\" decoding=\"async\" width=\"2500\" height=\"1667\" src=\"https:\/\/rapports.citeradieuse.ch\/2023\/wp-content\/uploads\/sites\/3\/2024\/07\/CR-RaphaelDupertuis-RD7_8495.jpg\" class=\"attachment-full size-full wp-image-987806\" alt=\"\" srcset=\"https:\/\/rapports.citeradieuse.ch\/2023\/wp-content\/uploads\/sites\/3\/2024\/07\/CR-RaphaelDupertuis-RD7_8495.jpg 2500w, https:\/\/rapports.citeradieuse.ch\/2023\/wp-content\/uploads\/sites\/3\/2024\/07\/CR-RaphaelDupertuis-RD7_8495-300x200.jpg 300w, https:\/\/rapports.citeradieuse.ch\/2023\/wp-content\/uploads\/sites\/3\/2024\/07\/CR-RaphaelDupertuis-RD7_8495-1024x683.jpg 1024w, https:\/\/rapports.citeradieuse.ch\/2023\/wp-content\/uploads\/sites\/3\/2024\/07\/CR-RaphaelDupertuis-RD7_8495-768x512.jpg 768w, https:\/\/rapports.citeradieuse.ch\/2023\/wp-content\/uploads\/sites\/3\/2024\/07\/CR-RaphaelDupertuis-RD7_8495-1536x1024.jpg 1536w, https:\/\/rapports.citeradieuse.ch\/2023\/wp-content\/uploads\/sites\/3\/2024\/07\/CR-RaphaelDupertuis-RD7_8495-2048x1366.jpg 2048w\" sizes=\"(max-width: 2500px) 100vw, 2500px\" \/>\t\t\t\t\t\t\t\t\t\t\t\t\t\t\t\t\t\t\t\t\t\t\t\t<\/div>\n\t\t\t\t\t\t<\/div>\n\t\t\t\t<\/div>\n\t\t\t\t\t<\/div>\n\t\t<\/div>\n\t\t\t\t<div class=\"elementor-column elementor-col-50 elementor-top-column elementor-element elementor-element-8e2c90e elementor-hidden-phone\" data-id=\"8e2c90e\" data-element_type=\"column\">\n\t\t\t<div class=\"elementor-widget-wrap elementor-element-populated\">\n\t\t\t\t\t\t<div class=\"elementor-element elementor-element-6b77e89 elementor-widget elementor-widget-image\" data-id=\"6b77e89\" data-element_type=\"widget\" data-widget_type=\"image.default\">\n\t\t\t\t<div class=\"elementor-widget-container\">\n\t\t\t\t\t\t\t<div class=\"elementor-image\">\n\t\t\t\t\t\t\t\t\t\t\t\t\t\t\t\t\t\t\t\t\t<img decoding=\"async\" width=\"2560\" height=\"1707\" src=\"https:\/\/rapports.citeradieuse.ch\/2023\/wp-content\/uploads\/sites\/3\/2024\/11\/Transports-RaphaelDupertuis-RD7_7583-scaled.jpg\" class=\"attachment-full size-full wp-image-988088\" alt=\"\" srcset=\"https:\/\/rapports.citeradieuse.ch\/2023\/wp-content\/uploads\/sites\/3\/2024\/11\/Transports-RaphaelDupertuis-RD7_7583-scaled.jpg 2560w, https:\/\/rapports.citeradieuse.ch\/2023\/wp-content\/uploads\/sites\/3\/2024\/11\/Transports-RaphaelDupertuis-RD7_7583-300x200.jpg 300w, https:\/\/rapports.citeradieuse.ch\/2023\/wp-content\/uploads\/sites\/3\/2024\/11\/Transports-RaphaelDupertuis-RD7_7583-1024x683.jpg 1024w, https:\/\/rapports.citeradieuse.ch\/2023\/wp-content\/uploads\/sites\/3\/2024\/11\/Transports-RaphaelDupertuis-RD7_7583-768x512.jpg 768w, https:\/\/rapports.citeradieuse.ch\/2023\/wp-content\/uploads\/sites\/3\/2024\/11\/Transports-RaphaelDupertuis-RD7_7583-1536x1024.jpg 1536w, https:\/\/rapports.citeradieuse.ch\/2023\/wp-content\/uploads\/sites\/3\/2024\/11\/Transports-RaphaelDupertuis-RD7_7583-2048x1365.jpg 2048w\" sizes=\"(max-width: 2560px) 100vw, 2560px\" \/>\t\t\t\t\t\t\t\t\t\t\t\t\t\t\t\t\t\t\t\t\t\t\t\t<\/div>\n\t\t\t\t\t\t<\/div>\n\t\t\t\t<\/div>\n\t\t\t\t\t<\/div>\n\t\t<\/div>\n\t\t\t\t\t<\/div>\n\t\t<\/section>\n\t\t\t\t<section class=\"elementor-section elementor-top-section elementor-element elementor-element-462d4c8 elementor-reverse-mobile elementor-section-boxed elementor-section-height-default elementor-section-height-default\" data-id=\"462d4c8\" data-element_type=\"section\">\n\t\t\t\t\t\t<div class=\"elementor-container elementor-column-gap-no\">\n\t\t\t\t\t<div class=\"elementor-column elementor-col-33 elementor-top-column elementor-element elementor-element-6c95944\" data-id=\"6c95944\" data-element_type=\"column\">\n\t\t\t<div class=\"elementor-widget-wrap elementor-element-populated\">\n\t\t\t\t\t\t<div class=\"elementor-element elementor-element-c627e9d elementor-widget elementor-widget-heading\" data-id=\"c627e9d\" data-element_type=\"widget\" data-widget_type=\"heading.default\">\n\t\t\t\t<div class=\"elementor-widget-container\">\n\t\t\t<h2 class=\"elementor-heading-title elementor-size-default\">D\u00e9fis de Recrutement et Solutions Temporaires<\/h2>\t\t<\/div>\n\t\t\t\t<\/div>\n\t\t\t\t\t<\/div>\n\t\t<\/div>\n\t\t\t\t<div class=\"elementor-column elementor-col-66 elementor-top-column elementor-element elementor-element-2aa9030\" data-id=\"2aa9030\" data-element_type=\"column\">\n\t\t\t<div class=\"elementor-widget-wrap elementor-element-populated\">\n\t\t\t\t\t\t<div class=\"elementor-element elementor-element-dc13d66 elementor-widget__width-initial elementor-widget-mobile__width-initial elementor-widget-tablet__width-initial elementor-widget elementor-widget-text-editor\" data-id=\"dc13d66\" data-element_type=\"widget\" data-widget_type=\"text-editor.default\">\n\t\t\t\t<div class=\"elementor-widget-container\">\n\t\t\t\t\t\t\t<p>Le recrutement reste un <b>d\u00e9fi majeur<\/b>, exacerb\u00e9 par des conditions de travail non optimales, des horaires exigeants, et un contexte g\u00e9n\u00e9ral peu attractif. Bien que la situation se soit stabilis\u00e9e, la complexit\u00e9 demeure. L&rsquo;int\u00e9rim a \u00e9t\u00e9 une solution pr\u00e9cieuse pour combler les manques, mais il impacte l&rsquo;efficience en raison des besoins en formation et en explications pour les nouveaux arrivants. Malgr\u00e9 cela, nous avons r\u00e9ussi \u00e0 maintenir une base de travail s\u00e9curis\u00e9e, garantissant la continuit\u00e9 de l&rsquo;accompagnement de nos r\u00e9sidents.<br \/><!-- notionvc: 4fe35a9f-b6bb-4948-b7fd-e63795c55afd --><\/p>\t\t\t\t\t\t<\/div>\n\t\t\t\t<\/div>\n\t\t\t\t\t<\/div>\n\t\t<\/div>\n\t\t\t\t\t<\/div>\n\t\t<\/section>\n\t\t\t\t<section class=\"elementor-section elementor-top-section elementor-element elementor-element-66a2938 elementor-reverse-mobile elementor-section-boxed elementor-section-height-default elementor-section-height-default\" data-id=\"66a2938\" data-element_type=\"section\">\n\t\t\t\t\t\t<div class=\"elementor-container elementor-column-gap-no\">\n\t\t\t\t\t<div class=\"elementor-column elementor-col-33 elementor-top-column elementor-element elementor-element-9f9a7b0\" data-id=\"9f9a7b0\" data-element_type=\"column\">\n\t\t\t<div class=\"elementor-widget-wrap elementor-element-populated\">\n\t\t\t\t\t\t<div class=\"elementor-element elementor-element-d8e0e44 elementor-widget__width-initial elementor-widget elementor-widget-heading\" data-id=\"d8e0e44\" data-element_type=\"widget\" data-widget_type=\"heading.default\">\n\t\t\t\t<div class=\"elementor-widget-container\">\n\t\t\t<h2 class=\"elementor-heading-title elementor-size-default\">Assises du Travail Social : Une Avanc\u00e9e Partielle\u200b<\/h2>\t\t<\/div>\n\t\t\t\t<\/div>\n\t\t\t\t\t<\/div>\n\t\t<\/div>\n\t\t\t\t<div class=\"elementor-column elementor-col-66 elementor-top-column elementor-element elementor-element-643b724\" data-id=\"643b724\" data-element_type=\"column\">\n\t\t\t<div class=\"elementor-widget-wrap elementor-element-populated\">\n\t\t\t\t\t\t<div class=\"elementor-element elementor-element-e48284b elementor-widget__width-initial elementor-widget-mobile__width-initial elementor-widget-tablet__width-initial elementor-widget elementor-widget-text-editor\" data-id=\"e48284b\" data-element_type=\"widget\" data-widget_type=\"text-editor.default\">\n\t\t\t\t<div class=\"elementor-widget-container\">\n\t\t\t\t\t\t\t<p>Les assises du travail social ont jou\u00e9 un r\u00f4le crucial cette ann\u00e9e, notamment en ce qui concerne les <b>conditions salariales<\/b>. Sur le canton de Vaud, il est difficile de rivaliser avec les autres cantons, qui proposent des salaires plus \u00e9lev\u00e9s. Une partie de l&rsquo;\u00e9cart sera r\u00e9duit suite aux assises qui ont eu lieu en novembre 2023.<\/p>\t\t\t\t\t\t<\/div>\n\t\t\t\t<\/div>\n\t\t\t\t\t<\/div>\n\t\t<\/div>\n\t\t\t\t\t<\/div>\n\t\t<\/section>\n\t\t\t\t<section class=\"elementor-section elementor-top-section elementor-element elementor-element-5a288be elementor-reverse-mobile elementor-section-boxed elementor-section-height-default elementor-section-height-default\" data-id=\"5a288be\" data-element_type=\"section\">\n\t\t\t\t\t\t<div class=\"elementor-container elementor-column-gap-no\">\n\t\t\t\t\t<div class=\"elementor-column elementor-col-33 elementor-top-column elementor-element elementor-element-e1306ab\" data-id=\"e1306ab\" data-element_type=\"column\">\n\t\t\t<div class=\"elementor-widget-wrap elementor-element-populated\">\n\t\t\t\t\t\t<div class=\"elementor-element elementor-element-9a82904 elementor-widget__width-initial elementor-widget elementor-widget-heading\" data-id=\"9a82904\" data-element_type=\"widget\" data-widget_type=\"heading.default\">\n\t\t\t\t<div class=\"elementor-widget-container\">\n\t\t\t<h2 class=\"elementor-heading-title elementor-size-default\">Anniversaires<\/h2>\t\t<\/div>\n\t\t\t\t<\/div>\n\t\t\t\t\t<\/div>\n\t\t<\/div>\n\t\t\t\t<div class=\"elementor-column elementor-col-66 elementor-top-column elementor-element elementor-element-4743607\" data-id=\"4743607\" data-element_type=\"column\">\n\t\t\t<div class=\"elementor-widget-wrap elementor-element-populated\">\n\t\t\t\t\t\t<div class=\"elementor-element elementor-element-2e040be elementor-widget__width-initial elementor-widget-mobile__width-initial elementor-widget-tablet__width-initial elementor-widget elementor-widget-text-editor\" data-id=\"2e040be\" data-element_type=\"widget\" data-widget_type=\"text-editor.default\">\n\t\t\t\t<div class=\"elementor-widget-container\">\n\t\t\t\t\t\t\t<p><b>La Cit\u00e9 Radieuse tient \u00e0 exprimer sa reconnaissance et ses remerciements aux membres du personnel qui ont franchi des caps importants et qui sont parmi nous depuis de nombreuses ann\u00e9es !<\/b><\/p>\n<p><b>10 ans:<\/b><br>4 collaboratrices et collaborateurs<\/p>\n<p><b>15 ans:<br><\/b>3&nbsp;<span style=\"font-family: Poppins, sans-serif; font-size: 16px; font-style: normal; font-variant-ligatures: normal; font-variant-caps: normal; font-weight: 400; color: var( --e-global-color-vamtam_accent_6 ); letter-spacing: var( --e-global-typography-vamtam_primary_font-letter-spacing ); text-transform: var( --e-global-typography-vamtam_primary_font-text-transform );\">collaboratrices et collaborateurs<\/span><\/p>\n<p><b>20 ans:<br><\/b>3&nbsp;<span style=\"font-family: Poppins, sans-serif; font-size: 16px; font-style: normal; font-variant-ligatures: normal; font-variant-caps: normal; font-weight: 400; color: var( --e-global-color-vamtam_accent_6 ); letter-spacing: var( --e-global-typography-vamtam_primary_font-letter-spacing ); text-transform: var( --e-global-typography-vamtam_primary_font-text-transform );\">collaboratrices et collaborateurs<\/span><\/p>\n<p><b>30 ans:<br><\/b>1 collaboratrice<\/p>\t\t\t\t\t\t<\/div>\n\t\t\t\t<\/div>\n\t\t\t\t\t<\/div>\n\t\t<\/div>\n\t\t\t\t\t<\/div>\n\t\t<\/section>\n\t\t\t\t<section class=\"elementor-section elementor-top-section elementor-element elementor-element-39c7a9f elementor-reverse-mobile elementor-hidden-desktop elementor-hidden-tablet elementor-hidden-mobile elementor-section-boxed elementor-section-height-default elementor-section-height-default\" data-id=\"39c7a9f\" data-element_type=\"section\">\n\t\t\t\t\t\t<div class=\"elementor-container elementor-column-gap-no\">\n\t\t\t\t\t<div class=\"elementor-column elementor-col-33 elementor-top-column elementor-element elementor-element-a520d1b\" data-id=\"a520d1b\" data-element_type=\"column\">\n\t\t\t<div class=\"elementor-widget-wrap elementor-element-populated\">\n\t\t\t\t\t\t<div class=\"elementor-element elementor-element-ebffd4e elementor-widget__width-initial elementor-widget elementor-widget-heading\" data-id=\"ebffd4e\" data-element_type=\"widget\" data-widget_type=\"heading.default\">\n\t\t\t\t<div class=\"elementor-widget-container\">\n\t\t\t<h2 class=\"elementor-heading-title elementor-size-default\">Anniversaires<\/h2>\t\t<\/div>\n\t\t\t\t<\/div>\n\t\t\t\t\t<\/div>\n\t\t<\/div>\n\t\t\t\t<div class=\"elementor-column elementor-col-66 elementor-top-column elementor-element elementor-element-bc7d4de\" data-id=\"bc7d4de\" data-element_type=\"column\">\n\t\t\t<div class=\"elementor-widget-wrap elementor-element-populated\">\n\t\t\t\t\t\t<div class=\"elementor-element elementor-element-d5a06f0 elementor-widget__width-initial elementor-widget-mobile__width-initial elementor-widget-tablet__width-initial elementor-widget elementor-widget-text-editor\" data-id=\"d5a06f0\" data-element_type=\"widget\" data-widget_type=\"text-editor.default\">\n\t\t\t\t<div class=\"elementor-widget-container\">\n\t\t\t\t\t\t\t<p><b>La Cit\u00e9 Radieuse tient \u00e0 exprimer sa reconnaissance et ses remerciements aux membres du personnel suivants qui ont franchi des caps importants et qui sont parmi nous depuis de nombreuses ann\u00e9es !<\/b><\/p><p><b>10 ans<\/b><br \/>AIDI Doris (veilles)<br \/>CODESIDO-CRETTON Catherine (groupe 15)<br \/>RENNA Ilan (veilles)<br \/>SCULLARI Giovanna (administration)<\/p><p><b>15 ans<br \/><\/b>BALLY Herv\u00e9 (\u00e9ducateur rempla\u00e7ants)<br \/>FRIEDLI Lauranne (groupe 9\/10)<br \/>LOEFFEL Caroline (Le C\u00e8dre Morges)<\/p><p><b>20 ans<br \/><\/b>CAILLE Safeta (nettoyage, buanderie)<br \/>REICHENBACH Audrey (\u00e9ducatrice rempla\u00e7ante)<br \/>RUDAZ Jennifer (resp. socio-\u00e9ducatif)<\/p><p><b>30 ans<br \/><\/b>BELLIARD Ma\u00efka (groupe 12)<\/p>\t\t\t\t\t\t<\/div>\n\t\t\t\t<\/div>\n\t\t\t\t\t<\/div>\n\t\t<\/div>\n\t\t\t\t\t<\/div>\n\t\t<\/section>\n\t\t\t\t<\/div>\n\t\t","protected":false},"excerpt":{"rendered":"<p>administration Ressourceshumaines 2023 a \u00e9t\u00e9 marqu\u00e9e par deux d\u00e9fis au niveau des ressources humaines: une difficult\u00e9 \u00e0 recruter de nouveaux membres du personnel, notamment \u00e0 cause des conditions de travail du secteur social, ainsi que par une mobilisation forte pour la revalorisation des conditions de travail du secteur parapublic, partiellement obtenue apr\u00e8s plusieurs manifestations du&#8230;<\/p>\n","protected":false},"author":1,"featured_media":0,"parent":0,"menu_order":0,"comment_status":"closed","ping_status":"closed","template":"","meta":{"footnotes":""},"class_list":["post-988029","page","type-page","status-publish","hentry"],"_links":{"self":[{"href":"https:\/\/rapports.citeradieuse.ch\/2023\/wp-json\/wp\/v2\/pages\/988029","targetHints":{"allow":["GET"]}}],"collection":[{"href":"https:\/\/rapports.citeradieuse.ch\/2023\/wp-json\/wp\/v2\/pages"}],"about":[{"href":"https:\/\/rapports.citeradieuse.ch\/2023\/wp-json\/wp\/v2\/types\/page"}],"author":[{"embeddable":true,"href":"https:\/\/rapports.citeradieuse.ch\/2023\/wp-json\/wp\/v2\/users\/1"}],"replies":[{"embeddable":true,"href":"https:\/\/rapports.citeradieuse.ch\/2023\/wp-json\/wp\/v2\/comments?post=988029"}],"version-history":[{"count":40,"href":"https:\/\/rapports.citeradieuse.ch\/2023\/wp-json\/wp\/v2\/pages\/988029\/revisions"}],"predecessor-version":[{"id":988161,"href":"https:\/\/rapports.citeradieuse.ch\/2023\/wp-json\/wp\/v2\/pages\/988029\/revisions\/988161"}],"wp:attachment":[{"href":"https:\/\/rapports.citeradieuse.ch\/2023\/wp-json\/wp\/v2\/media?parent=988029"}],"curies":[{"name":"wp","href":"https:\/\/api.w.org\/{rel}","templated":true}]}}